{"id":397149,"date":"2026-04-15T19:34:25","date_gmt":"2026-04-15T22:34:25","guid":{"rendered":"https:\/\/galeriaazur.art\/?post_type=product&#038;p=397149"},"modified":"2026-04-20T15:19:38","modified_gmt":"2026-04-20T18:19:38","slug":"wonder-real-love","status":"publish","type":"product","link":"https:\/\/galeriaazur.art\/esp\/artwork\/wonder-real-love\/","title":{"rendered":"WONDER &#8211; REAL LOVE"},"content":{"rendered":"<p>Se trata de la expresi\u00f3n del amor real entre dos super h\u00e9roes d\u00e1ndose un beso real de amor. Obra pintada en acr\u00edlico, marcadores, sprays y resina epoxi sobre madera.<\/p>","protected":false},"excerpt":{"rendered":"<a href=\"https:\/\/galeriaazur.art\/esp\/artist\/juan-carlos-flores-martin\/\">Juan Carlos Flores Martn<\/a>","protected":false},"author":3162,"featured_media":397155,"template":"","meta":{"_et_pb_use_builder":"o","_et_pb_old_content":"","_et_gb_content_width":""},"product_cat":[24],"product_tag":[],"acf":[],"_links":{"self":[{"href":"https:\/\/galeriaazur.art\/esp\/wp-json\/wp\/v2\/product\/397149"}],"collection":[{"href":"https:\/\/galeriaazur.art\/esp\/wp-json\/wp\/v2\/product"}],"about":[{"href":"https:\/\/galeriaazur.art\/esp\/wp-json\/wp\/v2\/types\/product"}],"author":[{"embeddable":true,"href":"https:\/\/galeriaazur.art\/esp\/wp-json\/wp\/v2\/users\/3162"}],"wp:featuredmedia":[{"embeddable":true,"href":"https:\/\/galeriaazur.art\/esp\/wp-json\/wp\/v2\/media\/397155"}],"wp:attachment":[{"href":"https:\/\/galeriaazur.art\/esp\/wp-json\/wp\/v2\/media?parent=397149"}],"wp:term":[{"taxonomy":"product_cat","embeddable":true,"href":"https:\/\/galeriaazur.art\/esp\/wp-json\/wp\/v2\/product_cat?post=397149"},{"taxonomy":"product_tag","embeddable":true,"href":"https:\/\/galeriaazur.art\/esp\/wp-json\/wp\/v2\/product_tag?post=397149"}],"curies":[{"name":"wp","href":"https:\/\/api.w.org\/{rel}","templated":true}]}}