{"id":397148,"date":"2026-04-15T18:44:08","date_gmt":"2026-04-15T21:44:08","guid":{"rendered":"https:\/\/galeriaazur.art\/?post_type=product&#038;p=397148"},"modified":"2026-04-20T15:19:41","modified_gmt":"2026-04-20T18:19:41","slug":"gremlins","status":"publish","type":"product","link":"https:\/\/galeriaazur.art\/esp\/artwork\/gremlins\/","title":{"rendered":"GREMLINS"},"content":{"rendered":"<p>Se trata de mi versi\u00f3n divertida de la m\u00edtica pel\u00edcula Gremlins, donde en este caso, Gizmo dibuja y pinta a su alter ego Spike y redefine que romper las 3 reglas es m\u00e1s divertido. La t\u00e9cnica es acr\u00edlico, aer\u00f3grafo y sprays sobre madera.<\/p>","protected":false},"excerpt":{"rendered":"<a href=\"https:\/\/galeriaazur.art\/esp\/artist\/juan-carlos-flores-martin\/\">Juan Carlos Flores Martn<\/a>","protected":false},"author":3162,"featured_media":397153,"template":"","meta":{"_et_pb_use_builder":"o","_et_pb_old_content":"","_et_gb_content_width":""},"product_cat":[24],"product_tag":[],"acf":[],"_links":{"self":[{"href":"https:\/\/galeriaazur.art\/esp\/wp-json\/wp\/v2\/product\/397148"}],"collection":[{"href":"https:\/\/galeriaazur.art\/esp\/wp-json\/wp\/v2\/product"}],"about":[{"href":"https:\/\/galeriaazur.art\/esp\/wp-json\/wp\/v2\/types\/product"}],"author":[{"embeddable":true,"href":"https:\/\/galeriaazur.art\/esp\/wp-json\/wp\/v2\/users\/3162"}],"wp:featuredmedia":[{"embeddable":true,"href":"https:\/\/galeriaazur.art\/esp\/wp-json\/wp\/v2\/media\/397153"}],"wp:attachment":[{"href":"https:\/\/galeriaazur.art\/esp\/wp-json\/wp\/v2\/media?parent=397148"}],"wp:term":[{"taxonomy":"product_cat","embeddable":true,"href":"https:\/\/galeriaazur.art\/esp\/wp-json\/wp\/v2\/product_cat?post=397148"},{"taxonomy":"product_tag","embeddable":true,"href":"https:\/\/galeriaazur.art\/esp\/wp-json\/wp\/v2\/product_tag?post=397148"}],"curies":[{"name":"wp","href":"https:\/\/api.w.org\/{rel}","templated":true}]}}