{"id":397126,"date":"2026-04-17T02:23:12","date_gmt":"2026-04-17T05:23:12","guid":{"rendered":"https:\/\/galeriaazur.art\/?post_type=product&#038;p=397126"},"modified":"2026-04-20T15:19:34","modified_gmt":"2026-04-20T18:19:34","slug":"jordan-we-all-fly","status":"publish","type":"product","link":"https:\/\/galeriaazur.art\/esp\/artwork\/jordan-we-all-fly\/","title":{"rendered":"JORDAN &#8211; WE ALL FLY"},"content":{"rendered":"<p>Obra inspirada en uno de los m\u00edticos saltos de Michael Jordan en un cancha de baloncesto, mostrando  que con trabajo, disciplina y constancia todos podemos conseguir nuestros sue\u00f1os y poder volar. Acr\u00edlico, sprays, aer\u00f3grafo, marcadores, Carandache y acabado en resina epoxi sobre madera.<\/p>","protected":false},"excerpt":{"rendered":"<a href=\"https:\/\/galeriaazur.art\/esp\/artist\/juan-carlos-flores-martin\/\">Juan Carlos Flores Martn<\/a>","protected":false},"author":3162,"featured_media":397131,"template":"","meta":{"_et_pb_use_builder":"o","_et_pb_old_content":"","_et_gb_content_width":""},"product_cat":[24],"product_tag":[],"acf":[],"_links":{"self":[{"href":"https:\/\/galeriaazur.art\/esp\/wp-json\/wp\/v2\/product\/397126"}],"collection":[{"href":"https:\/\/galeriaazur.art\/esp\/wp-json\/wp\/v2\/product"}],"about":[{"href":"https:\/\/galeriaazur.art\/esp\/wp-json\/wp\/v2\/types\/product"}],"author":[{"embeddable":true,"href":"https:\/\/galeriaazur.art\/esp\/wp-json\/wp\/v2\/users\/3162"}],"wp:featuredmedia":[{"embeddable":true,"href":"https:\/\/galeriaazur.art\/esp\/wp-json\/wp\/v2\/media\/397131"}],"wp:attachment":[{"href":"https:\/\/galeriaazur.art\/esp\/wp-json\/wp\/v2\/media?parent=397126"}],"wp:term":[{"taxonomy":"product_cat","embeddable":true,"href":"https:\/\/galeriaazur.art\/esp\/wp-json\/wp\/v2\/product_cat?post=397126"},{"taxonomy":"product_tag","embeddable":true,"href":"https:\/\/galeriaazur.art\/esp\/wp-json\/wp\/v2\/product_tag?post=397126"}],"curies":[{"name":"wp","href":"https:\/\/api.w.org\/{rel}","templated":true}]}}