{"id":397124,"date":"2026-04-17T02:42:31","date_gmt":"2026-04-17T05:42:31","guid":{"rendered":"https:\/\/galeriaazur.art\/?post_type=product&#038;p=397124"},"modified":"2026-04-20T15:19:33","modified_gmt":"2026-04-20T18:19:33","slug":"spiderman-spidey-sense","status":"publish","type":"product","link":"https:\/\/galeriaazur.art\/esp\/artwork\/spiderman-spidey-sense\/","title":{"rendered":"SPIDERMAN &#8211; SPIDEY SENSE"},"content":{"rendered":"<p>Inspirada en el m\u00edtico Spiderman surcando los cielos por la noche y la importancia de confiar en nuestro sexto sentido, la intuici\u00f3n, el sentido ar\u00e1cnido en nuestra vida. Acr\u00edlico, sprays, aer\u00f3grafo, marcadores, Carandache, acabado en resina epoxi sobre madera.<\/p>","protected":false},"excerpt":{"rendered":"<a href=\"https:\/\/galeriaazur.art\/esp\/artist\/juan-carlos-flores-martin\/\">Juan Carlos Flores Martn<\/a>","protected":false},"author":3162,"featured_media":397129,"template":"","meta":{"_et_pb_use_builder":"o","_et_pb_old_content":"","_et_gb_content_width":""},"product_cat":[24],"product_tag":[],"acf":[],"_links":{"self":[{"href":"https:\/\/galeriaazur.art\/esp\/wp-json\/wp\/v2\/product\/397124"}],"collection":[{"href":"https:\/\/galeriaazur.art\/esp\/wp-json\/wp\/v2\/product"}],"about":[{"href":"https:\/\/galeriaazur.art\/esp\/wp-json\/wp\/v2\/types\/product"}],"author":[{"embeddable":true,"href":"https:\/\/galeriaazur.art\/esp\/wp-json\/wp\/v2\/users\/3162"}],"wp:featuredmedia":[{"embeddable":true,"href":"https:\/\/galeriaazur.art\/esp\/wp-json\/wp\/v2\/media\/397129"}],"wp:attachment":[{"href":"https:\/\/galeriaazur.art\/esp\/wp-json\/wp\/v2\/media?parent=397124"}],"wp:term":[{"taxonomy":"product_cat","embeddable":true,"href":"https:\/\/galeriaazur.art\/esp\/wp-json\/wp\/v2\/product_cat?post=397124"},{"taxonomy":"product_tag","embeddable":true,"href":"https:\/\/galeriaazur.art\/esp\/wp-json\/wp\/v2\/product_tag?post=397124"}],"curies":[{"name":"wp","href":"https:\/\/api.w.org\/{rel}","templated":true}]}}