{"id":397120,"date":"2026-04-17T11:57:07","date_gmt":"2026-04-17T14:57:07","guid":{"rendered":"https:\/\/galeriaazur.art\/?post_type=product&#038;p=397120"},"modified":"2026-04-20T15:19:29","modified_gmt":"2026-04-20T18:19:29","slug":"optimus-prime","status":"publish","type":"product","link":"https:\/\/galeriaazur.art\/esp\/artwork\/optimus-prime\/","title":{"rendered":"OPTIMUS PRIME"},"content":{"rendered":"<p>Inspirada en unos de mis dibujos favoritos de mi infancia Transformers, y su incre\u00edble l\u00edder Optimus Prime. Motivaci\u00f3n, confianza en uno mismo, superaci\u00f3n, grandeza y resiliencia. Acr\u00edlico, sprays, marcadores, Carandache con acabado en resina epoxi sobre lienzo.<\/p>","protected":false},"excerpt":{"rendered":"<a href=\"https:\/\/galeriaazur.art\/esp\/artist\/juan-carlos-flores-martin\/\">Juan Carlos Flores Martn<\/a>","protected":false},"author":3162,"featured_media":397127,"template":"","meta":{"_et_pb_use_builder":"o","_et_pb_old_content":"","_et_gb_content_width":""},"product_cat":[24],"product_tag":[],"acf":[],"_links":{"self":[{"href":"https:\/\/galeriaazur.art\/esp\/wp-json\/wp\/v2\/product\/397120"}],"collection":[{"href":"https:\/\/galeriaazur.art\/esp\/wp-json\/wp\/v2\/product"}],"about":[{"href":"https:\/\/galeriaazur.art\/esp\/wp-json\/wp\/v2\/types\/product"}],"author":[{"embeddable":true,"href":"https:\/\/galeriaazur.art\/esp\/wp-json\/wp\/v2\/users\/3162"}],"wp:featuredmedia":[{"embeddable":true,"href":"https:\/\/galeriaazur.art\/esp\/wp-json\/wp\/v2\/media\/397127"}],"wp:attachment":[{"href":"https:\/\/galeriaazur.art\/esp\/wp-json\/wp\/v2\/media?parent=397120"}],"wp:term":[{"taxonomy":"product_cat","embeddable":true,"href":"https:\/\/galeriaazur.art\/esp\/wp-json\/wp\/v2\/product_cat?post=397120"},{"taxonomy":"product_tag","embeddable":true,"href":"https:\/\/galeriaazur.art\/esp\/wp-json\/wp\/v2\/product_tag?post=397120"}],"curies":[{"name":"wp","href":"https:\/\/api.w.org\/{rel}","templated":true}]}}