{"id":397118,"date":"2026-04-17T12:33:39","date_gmt":"2026-04-17T15:33:39","guid":{"rendered":"https:\/\/galeriaazur.art\/?post_type=product&#038;p=397118"},"modified":"2026-04-20T15:19:27","modified_gmt":"2026-04-20T18:19:27","slug":"iron-man-mark-46-armour","status":"publish","type":"product","link":"https:\/\/galeriaazur.art\/esp\/artwork\/iron-man-mark-46-armour\/","title":{"rendered":"IRON MAN &#8211; MARK 46 ARMOUR"},"content":{"rendered":"<p>Inspirada en la pel\u00edcula IRON MAN como s\u00edmbolo de liderazgo y fuerza del gran Tony Stark. Obra de arte pintada con acr\u00edlico, marcadores, sprays, Carandache y acabado en resina epoxi sobre lienzo.<\/p>","protected":false},"excerpt":{"rendered":"<a href=\"https:\/\/galeriaazur.art\/esp\/artist\/juan-carlos-flores-martin\/\">Juan Carlos Flores Martn<\/a>","protected":false},"author":3162,"featured_media":397125,"template":"","meta":{"_et_pb_use_builder":"o","_et_pb_old_content":"","_et_gb_content_width":""},"product_cat":[24],"product_tag":[],"acf":[],"_links":{"self":[{"href":"https:\/\/galeriaazur.art\/esp\/wp-json\/wp\/v2\/product\/397118"}],"collection":[{"href":"https:\/\/galeriaazur.art\/esp\/wp-json\/wp\/v2\/product"}],"about":[{"href":"https:\/\/galeriaazur.art\/esp\/wp-json\/wp\/v2\/types\/product"}],"author":[{"embeddable":true,"href":"https:\/\/galeriaazur.art\/esp\/wp-json\/wp\/v2\/users\/3162"}],"wp:featuredmedia":[{"embeddable":true,"href":"https:\/\/galeriaazur.art\/esp\/wp-json\/wp\/v2\/media\/397125"}],"wp:attachment":[{"href":"https:\/\/galeriaazur.art\/esp\/wp-json\/wp\/v2\/media?parent=397118"}],"wp:term":[{"taxonomy":"product_cat","embeddable":true,"href":"https:\/\/galeriaazur.art\/esp\/wp-json\/wp\/v2\/product_cat?post=397118"},{"taxonomy":"product_tag","embeddable":true,"href":"https:\/\/galeriaazur.art\/esp\/wp-json\/wp\/v2\/product_tag?post=397118"}],"curies":[{"name":"wp","href":"https:\/\/api.w.org\/{rel}","templated":true}]}}