{"id":397115,"date":"2026-04-15T18:31:39","date_gmt":"2026-04-15T21:31:39","guid":{"rendered":"https:\/\/galeriaazur.art\/?post_type=product&#038;p=397115"},"modified":"2026-04-20T15:19:43","modified_gmt":"2026-04-20T18:19:43","slug":"medusa","status":"publish","type":"product","link":"https:\/\/galeriaazur.art\/esp\/artwork\/medusa\/","title":{"rendered":"MEDUSA"},"content":{"rendered":"<p>Obra de arte inspirado en el Art Noveau, Pop Art y el Street Art de la Medusa de Versace, pero con una nueva versi\u00f3n de un rostro m\u00e1s femenino. Realizada con acr\u00edlico, aer\u00f3grafo, sprays, l\u00e1pices Carandache y acabado en resina epoxi. Quise dar un nuevo enfoque al logotipo de esa marca, a\u00f1adiendo mi energ\u00eda, colorido y la fuerza del pan de oro con colores vibrantes en ojos, labios, greca y emblema, as\u00ed como el uso de colores fluor que se ven con luz UV.<\/p>","protected":false},"excerpt":{"rendered":"<a href=\"https:\/\/galeriaazur.art\/esp\/artist\/juan-carlos-flores-martin\/\">Juan Carlos Flores Martn<\/a>","protected":false},"author":3162,"featured_media":397119,"template":"","meta":{"_et_pb_use_builder":"o","_et_pb_old_content":"","_et_gb_content_width":""},"product_cat":[24],"product_tag":[],"acf":[],"_links":{"self":[{"href":"https:\/\/galeriaazur.art\/esp\/wp-json\/wp\/v2\/product\/397115"}],"collection":[{"href":"https:\/\/galeriaazur.art\/esp\/wp-json\/wp\/v2\/product"}],"about":[{"href":"https:\/\/galeriaazur.art\/esp\/wp-json\/wp\/v2\/types\/product"}],"author":[{"embeddable":true,"href":"https:\/\/galeriaazur.art\/esp\/wp-json\/wp\/v2\/users\/3162"}],"wp:featuredmedia":[{"embeddable":true,"href":"https:\/\/galeriaazur.art\/esp\/wp-json\/wp\/v2\/media\/397119"}],"wp:attachment":[{"href":"https:\/\/galeriaazur.art\/esp\/wp-json\/wp\/v2\/media?parent=397115"}],"wp:term":[{"taxonomy":"product_cat","embeddable":true,"href":"https:\/\/galeriaazur.art\/esp\/wp-json\/wp\/v2\/product_cat?post=397115"},{"taxonomy":"product_tag","embeddable":true,"href":"https:\/\/galeriaazur.art\/esp\/wp-json\/wp\/v2\/product_tag?post=397115"}],"curies":[{"name":"wp","href":"https:\/\/api.w.org\/{rel}","templated":true}]}}