{"id":396241,"date":"2026-04-06T16:17:43","date_gmt":"2026-04-06T19:17:43","guid":{"rendered":"https:\/\/galeriaazur.art\/?post_type=product&#038;p=396241"},"modified":"2026-04-06T16:17:43","modified_gmt":"2026-04-06T19:17:43","slug":"luisho-diaz-13","status":"publish","type":"product","link":"https:\/\/galeriaazur.art\/esp\/artwork\/luisho-diaz-13\/","title":{"rendered":"Luisho D\u00edaz"},"content":{"rendered":"<p>Nati O Presidenta, 2019.<br \/>\nSerigraf\u00eda sobre Carteler\u00eda Pol\u00edtica<br \/>\nmedidas variables<br \/>\nValor: USD 250<\/p>","protected":false},"excerpt":{"rendered":"<p>Nati O Presidenta, 2019.<br \/>\nSerigraf\u00eda sobre Carteler\u00eda Pol\u00edtica<br \/>\nmedidas variables<br \/>\nValor: USD 250<\/p>","protected":false},"author":442,"featured_media":396092,"template":"","meta":{"_et_pb_use_builder":"o","_et_pb_old_content":"","_et_gb_content_width":""},"product_cat":[383,472],"product_tag":[],"acf":[],"_links":{"self":[{"href":"https:\/\/galeriaazur.art\/esp\/wp-json\/wp\/v2\/product\/396241"}],"collection":[{"href":"https:\/\/galeriaazur.art\/esp\/wp-json\/wp\/v2\/product"}],"about":[{"href":"https:\/\/galeriaazur.art\/esp\/wp-json\/wp\/v2\/types\/product"}],"author":[{"embeddable":true,"href":"https:\/\/galeriaazur.art\/esp\/wp-json\/wp\/v2\/users\/442"}],"wp:featuredmedia":[{"embeddable":true,"href":"https:\/\/galeriaazur.art\/esp\/wp-json\/wp\/v2\/media\/396092"}],"wp:attachment":[{"href":"https:\/\/galeriaazur.art\/esp\/wp-json\/wp\/v2\/media?parent=396241"}],"wp:term":[{"taxonomy":"product_cat","embeddable":true,"href":"https:\/\/galeriaazur.art\/esp\/wp-json\/wp\/v2\/product_cat?post=396241"},{"taxonomy":"product_tag","embeddable":true,"href":"https:\/\/galeriaazur.art\/esp\/wp-json\/wp\/v2\/product_tag?post=396241"}],"curies":[{"name":"wp","href":"https:\/\/api.w.org\/{rel}","templated":true}]}}