{"id":395812,"date":"2026-04-04T16:18:25","date_gmt":"2026-04-04T19:18:25","guid":{"rendered":"https:\/\/galeriaazur.art\/?post_type=product&#038;p=395812"},"modified":"2026-04-06T17:12:47","modified_gmt":"2026-04-06T20:12:47","slug":"9-greco-alberto","status":"publish","type":"product","link":"https:\/\/galeriaazur.art\/esp\/artwork\/9-greco-alberto\/","title":{"rendered":"9\t.\tGreco Alberto"},"content":{"rendered":"<p>Sin t\u00edtulo<br \/>\nImpresi\u00f3n en gelatina de plata sobre<br \/>\npapel fotogr\u00e1fico.<br \/>\n39, 8 x 29,7 cm<br \/>\nFotograf\u00eda tomada en Par\u00eds, 1962 por el fot\u00f3grafo Ren\u00e9 Bertholo.<br \/>\n-Al dorso con sello que indica:<br \/>\n\u201cPublicada en Panorama N\u00b0 175\u201d. 19 de septiembre de 1970.<br \/>\n-Procedencia: colecci\u00f3n Margarita Paksa.<br \/>\n-Certificado expedido por Margarita Paksa<\/p>","protected":false},"excerpt":{"rendered":"<p>Sin t\u00edtulo<br \/>\nImpresi\u00f3n en gelatina de plata sobre<br \/>\npapel fotogr\u00e1fico.<br \/>\n39, 8 x 29,7 cm<br \/>\nFotograf\u00eda tomada en Par\u00eds, 1962 por el fot\u00f3grafo Ren\u00e9 Bertholo.<br \/>\n-Al dorso con sello que indica:<br \/>\n\u201cPublicada en Panorama N\u00b0 175\u201d. 19 de septiembre de 1970.<br \/>\n-Procedencia: colecci\u00f3n Margarita Paksa.<br \/>\n-Certificado expedido por Margarita Paksa<\/p>","protected":false},"author":442,"featured_media":396279,"template":"","meta":{"_et_pb_use_builder":"o","_et_pb_old_content":"","_et_gb_content_width":""},"product_cat":[83,22],"product_tag":[],"acf":[],"_links":{"self":[{"href":"https:\/\/galeriaazur.art\/esp\/wp-json\/wp\/v2\/product\/395812"}],"collection":[{"href":"https:\/\/galeriaazur.art\/esp\/wp-json\/wp\/v2\/product"}],"about":[{"href":"https:\/\/galeriaazur.art\/esp\/wp-json\/wp\/v2\/types\/product"}],"author":[{"embeddable":true,"href":"https:\/\/galeriaazur.art\/esp\/wp-json\/wp\/v2\/users\/442"}],"wp:featuredmedia":[{"embeddable":true,"href":"https:\/\/galeriaazur.art\/esp\/wp-json\/wp\/v2\/media\/396279"}],"wp:attachment":[{"href":"https:\/\/galeriaazur.art\/esp\/wp-json\/wp\/v2\/media?parent=395812"}],"wp:term":[{"taxonomy":"product_cat","embeddable":true,"href":"https:\/\/galeriaazur.art\/esp\/wp-json\/wp\/v2\/product_cat?post=395812"},{"taxonomy":"product_tag","embeddable":true,"href":"https:\/\/galeriaazur.art\/esp\/wp-json\/wp\/v2\/product_tag?post=395812"}],"curies":[{"name":"wp","href":"https:\/\/api.w.org\/{rel}","templated":true}]}}