{"id":395766,"date":"2026-04-04T13:19:39","date_gmt":"2026-04-04T16:19:39","guid":{"rendered":"https:\/\/galeriaazur.art\/?post_type=product&#038;p=395766"},"modified":"2026-04-07T12:23:17","modified_gmt":"2026-04-07T15:23:17","slug":"40-suro-luis-miguel-mexico","status":"publish","type":"product","link":"https:\/\/galeriaazur.art\/esp\/artwork\/40-suro-luis-miguel-mexico\/","title":{"rendered":"40\t.\tSuro Luis Miguel (M\u00e9xico)"},"content":{"rendered":"<p>Cotonete (1998)<br \/>\nEscultura en cer\u00e1mica vidriada<br \/>\n5 x 60 cm<br \/>\nSin firmar. Serie de 4, sin numerar. Exhibida en Galer\u00eda de Arte Gara. Intercambio con Galer\u00eda B.F15 (Monterrey, M\u00e9xico)<\/p>","protected":false},"excerpt":{"rendered":"<p>Cotonete (1998)<br \/>\nEscultura en cer\u00e1mica vidriada<br \/>\n5 x 60 cm<br \/>\nSin firmar. Serie de 4, sin numerar. Exhibida en Galer\u00eda de Arte Gara. Intercambio con Galer\u00eda B.F15 (Monterrey, M\u00e9xico)<\/p>","protected":false},"author":442,"featured_media":395949,"template":"","meta":{"_et_pb_use_builder":"o","_et_pb_old_content":"","_et_gb_content_width":""},"product_cat":[83,22],"product_tag":[],"acf":[],"_links":{"self":[{"href":"https:\/\/galeriaazur.art\/esp\/wp-json\/wp\/v2\/product\/395766"}],"collection":[{"href":"https:\/\/galeriaazur.art\/esp\/wp-json\/wp\/v2\/product"}],"about":[{"href":"https:\/\/galeriaazur.art\/esp\/wp-json\/wp\/v2\/types\/product"}],"author":[{"embeddable":true,"href":"https:\/\/galeriaazur.art\/esp\/wp-json\/wp\/v2\/users\/442"}],"wp:featuredmedia":[{"embeddable":true,"href":"https:\/\/galeriaazur.art\/esp\/wp-json\/wp\/v2\/media\/395949"}],"wp:attachment":[{"href":"https:\/\/galeriaazur.art\/esp\/wp-json\/wp\/v2\/media?parent=395766"}],"wp:term":[{"taxonomy":"product_cat","embeddable":true,"href":"https:\/\/galeriaazur.art\/esp\/wp-json\/wp\/v2\/product_cat?post=395766"},{"taxonomy":"product_tag","embeddable":true,"href":"https:\/\/galeriaazur.art\/esp\/wp-json\/wp\/v2\/product_tag?post=395766"}],"curies":[{"name":"wp","href":"https:\/\/api.w.org\/{rel}","templated":true}]}}