{"id":395701,"date":"2026-04-04T12:12:37","date_gmt":"2026-04-04T15:12:37","guid":{"rendered":"https:\/\/galeriaazur.art\/?post_type=product&#038;p=395701"},"modified":"2026-04-06T17:29:24","modified_gmt":"2026-04-06T20:29:24","slug":"86-zabala-horacio","status":"publish","type":"product","link":"https:\/\/galeriaazur.art\/esp\/artwork\/86-zabala-horacio\/","title":{"rendered":"86\t.\tZabala Horacio"},"content":{"rendered":"<p>Anteproyecto de c\u00e1rcel subterr\u00e1nea &#8211; Anteproyecto de c\u00e1rcel flotante (1973)<br \/>\nGrafito sobre papel calco<br \/>\n30 x 50 cm<br \/>\nFirmada y fechada en la parte inferior<br \/>\nCon planos del CAyC con sello de Horacio Zabala<\/p>","protected":false},"excerpt":{"rendered":"<p>Anteproyecto de c\u00e1rcel subterr\u00e1nea &#8211; Anteproyecto de c\u00e1rcel flotante (1973)<br \/>\nGrafito sobre papel calco<br \/>\n30 x 50 cm<br \/>\nFirmada y fechada en la parte inferior<br \/>\nCon planos del CAyC con sello de Horacio Zabala<\/p>","protected":false},"author":442,"featured_media":395902,"template":"","meta":{"_et_pb_use_builder":"o","_et_pb_old_content":"","_et_gb_content_width":""},"product_cat":[83,22],"product_tag":[],"acf":[],"_links":{"self":[{"href":"https:\/\/galeriaazur.art\/esp\/wp-json\/wp\/v2\/product\/395701"}],"collection":[{"href":"https:\/\/galeriaazur.art\/esp\/wp-json\/wp\/v2\/product"}],"about":[{"href":"https:\/\/galeriaazur.art\/esp\/wp-json\/wp\/v2\/types\/product"}],"author":[{"embeddable":true,"href":"https:\/\/galeriaazur.art\/esp\/wp-json\/wp\/v2\/users\/442"}],"wp:featuredmedia":[{"embeddable":true,"href":"https:\/\/galeriaazur.art\/esp\/wp-json\/wp\/v2\/media\/395902"}],"wp:attachment":[{"href":"https:\/\/galeriaazur.art\/esp\/wp-json\/wp\/v2\/media?parent=395701"}],"wp:term":[{"taxonomy":"product_cat","embeddable":true,"href":"https:\/\/galeriaazur.art\/esp\/wp-json\/wp\/v2\/product_cat?post=395701"},{"taxonomy":"product_tag","embeddable":true,"href":"https:\/\/galeriaazur.art\/esp\/wp-json\/wp\/v2\/product_tag?post=395701"}],"curies":[{"name":"wp","href":"https:\/\/api.w.org\/{rel}","templated":true}]}}