{"id":395689,"date":"2026-04-04T11:57:35","date_gmt":"2026-04-04T14:57:35","guid":{"rendered":"https:\/\/galeriaazur.art\/?post_type=product&#038;p=395689"},"modified":"2026-04-07T12:23:36","modified_gmt":"2026-04-07T15:23:36","slug":"93-suro-luis-miguel-mexico","status":"publish","type":"product","link":"https:\/\/galeriaazur.art\/esp\/artwork\/93-suro-luis-miguel-mexico\/","title":{"rendered":"93\t.\tSuro Luis Miguel (M\u00e9xico)"},"content":{"rendered":"<p>Encendedor (1998)<br \/>\nEscultura en cer\u00e1mica vidriada<br \/>\n13 x 45 x 7 cm<br \/>\nSin firmar. Serie de 4, sin numerar. Exhibida en Galer\u00eda de Arte Gara. Intercambio con Galer\u00eda B.F15 (Monterrey, M\u00e9xico)<\/p>","protected":false},"excerpt":{"rendered":"<p>Encendedor (1998)<br \/>\nEscultura en cer\u00e1mica vidriada<br \/>\n13 x 45 x 7 cm<br \/>\nSin firmar. Serie de 4, sin numerar. Exhibida en Galer\u00eda de Arte Gara. Intercambio con Galer\u00eda B.F15 (Monterrey, M\u00e9xico)<\/p>","protected":false},"author":442,"featured_media":396199,"template":"","meta":{"_et_pb_use_builder":"o","_et_pb_old_content":"","_et_gb_content_width":""},"product_cat":[83,22],"product_tag":[],"acf":[],"_links":{"self":[{"href":"https:\/\/galeriaazur.art\/esp\/wp-json\/wp\/v2\/product\/395689"}],"collection":[{"href":"https:\/\/galeriaazur.art\/esp\/wp-json\/wp\/v2\/product"}],"about":[{"href":"https:\/\/galeriaazur.art\/esp\/wp-json\/wp\/v2\/types\/product"}],"author":[{"embeddable":true,"href":"https:\/\/galeriaazur.art\/esp\/wp-json\/wp\/v2\/users\/442"}],"wp:featuredmedia":[{"embeddable":true,"href":"https:\/\/galeriaazur.art\/esp\/wp-json\/wp\/v2\/media\/396199"}],"wp:attachment":[{"href":"https:\/\/galeriaazur.art\/esp\/wp-json\/wp\/v2\/media?parent=395689"}],"wp:term":[{"taxonomy":"product_cat","embeddable":true,"href":"https:\/\/galeriaazur.art\/esp\/wp-json\/wp\/v2\/product_cat?post=395689"},{"taxonomy":"product_tag","embeddable":true,"href":"https:\/\/galeriaazur.art\/esp\/wp-json\/wp\/v2\/product_tag?post=395689"}],"curies":[{"name":"wp","href":"https:\/\/api.w.org\/{rel}","templated":true}]}}