{"id":391178,"date":"2026-01-26T15:58:28","date_gmt":"2026-01-26T18:58:28","guid":{"rendered":"https:\/\/galeriaazur.art\/?post_type=product&#038;p=391178"},"modified":"2026-01-27T13:01:29","modified_gmt":"2026-01-27T16:01:29","slug":"impomea","status":"publish","type":"product","link":"https:\/\/galeriaazur.art\/esp\/artwork\/impomea\/","title":{"rendered":"IMPOMEA  DE LA TRAMA IND\u00d3MITA"},"content":{"rendered":"<p><b>ANGIE BRAUN<br \/>\n<\/b>Tr\u00edptico. Toma directa, c\u00e1mara digital, lente anal\u00f3gico.<br \/>\nPapel Photo Rag\u00ae de Hahnem\u00fchle. \u00danica copia.<br \/>\nFoto del medio tomada en PDE, fotos laterales en Colonia.<\/p>\n<p class=\"p1\">280 x 110 cm | U$S 5500<\/p>","protected":false},"excerpt":{"rendered":"<p><b>ANGIE BRAUN<br \/>\n<\/b>Tr\u00edptico. Toma directa, c\u00e1mara digital, lente anal\u00f3gico.<br \/>\nPapel Photo Rag\u00ae de Hahnem\u00fchle. \u00danica copia.<br \/>\nFoto del medio tomada en PDE, fotos laterales en Colonia.<\/p>\n<p class=\"p1\">280 x 110 cm | U$S 5500<\/p>","protected":false},"author":442,"featured_media":391153,"template":"","meta":{"_et_pb_use_builder":"o","_et_pb_old_content":"","_et_gb_content_width":""},"product_cat":[383,464],"product_tag":[],"acf":[],"_links":{"self":[{"href":"https:\/\/galeriaazur.art\/esp\/wp-json\/wp\/v2\/product\/391178"}],"collection":[{"href":"https:\/\/galeriaazur.art\/esp\/wp-json\/wp\/v2\/product"}],"about":[{"href":"https:\/\/galeriaazur.art\/esp\/wp-json\/wp\/v2\/types\/product"}],"author":[{"embeddable":true,"href":"https:\/\/galeriaazur.art\/esp\/wp-json\/wp\/v2\/users\/442"}],"wp:featuredmedia":[{"embeddable":true,"href":"https:\/\/galeriaazur.art\/esp\/wp-json\/wp\/v2\/media\/391153"}],"wp:attachment":[{"href":"https:\/\/galeriaazur.art\/esp\/wp-json\/wp\/v2\/media?parent=391178"}],"wp:term":[{"taxonomy":"product_cat","embeddable":true,"href":"https:\/\/galeriaazur.art\/esp\/wp-json\/wp\/v2\/product_cat?post=391178"},{"taxonomy":"product_tag","embeddable":true,"href":"https:\/\/galeriaazur.art\/esp\/wp-json\/wp\/v2\/product_tag?post=391178"}],"curies":[{"name":"wp","href":"https:\/\/api.w.org\/{rel}","templated":true}]}}