{"id":390602,"date":"2026-01-13T15:08:40","date_gmt":"2026-01-13T18:08:40","guid":{"rendered":"https:\/\/galeriaazur.art\/?post_type=product&#038;p=390602"},"modified":"2026-02-07T16:29:50","modified_gmt":"2026-02-07T19:29:50","slug":"kismet-destino-inevitable","status":"publish","type":"product","link":"https:\/\/galeriaazur.art\/esp\/artwork\/kismet-destino-inevitable\/","title":{"rendered":"Kismet (destino inevitable)"},"content":{"rendered":"<p data-start=\"2321\" data-end=\"2489\"><strong data-start=\"2321\" data-end=\"2339\">ETHEL LISSMANN<\/strong><br data-start=\"2339\" data-end=\"2342\" \/>Kismet (destino inevitable)<br data-start=\"2369\" data-end=\"2372\" \/>Antigua vitrola de los a\u00f1os 40, intervenci\u00f3n art\u00edstica con piezas originales y fotograf\u00eda digitalizada.<br data-start=\"2474\" data-end=\"2477\" \/>95 x 58 cm<\/p>\n<p data-start=\"2491\" data-end=\"2508\">Valor: USD 2000<\/p>","protected":false},"excerpt":{"rendered":"<p data-start=\"2321\" data-end=\"2489\"><strong data-start=\"2321\" data-end=\"2339\">ETHEL LISSMANN<\/strong><br data-start=\"2339\" data-end=\"2342\" \/>Kismet (destino inevitable)<br data-start=\"2369\" data-end=\"2372\" \/>Antigua vitrola de los a\u00f1os 40, intervenci\u00f3n art\u00edstica con piezas originales y fotograf\u00eda digitalizada.<br data-start=\"2474\" data-end=\"2477\" \/>95 x 58 cm<\/p>\n<p data-start=\"2491\" data-end=\"2508\">Valor: USD 2000<\/p>","protected":false},"author":442,"featured_media":390567,"template":"","meta":{"_et_pb_use_builder":"o","_et_pb_old_content":"","_et_gb_content_width":""},"product_cat":[383,463],"product_tag":[],"acf":[],"_links":{"self":[{"href":"https:\/\/galeriaazur.art\/esp\/wp-json\/wp\/v2\/product\/390602"}],"collection":[{"href":"https:\/\/galeriaazur.art\/esp\/wp-json\/wp\/v2\/product"}],"about":[{"href":"https:\/\/galeriaazur.art\/esp\/wp-json\/wp\/v2\/types\/product"}],"author":[{"embeddable":true,"href":"https:\/\/galeriaazur.art\/esp\/wp-json\/wp\/v2\/users\/442"}],"wp:featuredmedia":[{"embeddable":true,"href":"https:\/\/galeriaazur.art\/esp\/wp-json\/wp\/v2\/media\/390567"}],"wp:attachment":[{"href":"https:\/\/galeriaazur.art\/esp\/wp-json\/wp\/v2\/media?parent=390602"}],"wp:term":[{"taxonomy":"product_cat","embeddable":true,"href":"https:\/\/galeriaazur.art\/esp\/wp-json\/wp\/v2\/product_cat?post=390602"},{"taxonomy":"product_tag","embeddable":true,"href":"https:\/\/galeriaazur.art\/esp\/wp-json\/wp\/v2\/product_tag?post=390602"}],"curies":[{"name":"wp","href":"https:\/\/api.w.org\/{rel}","templated":true}]}}