{"id":390601,"date":"2026-01-13T15:07:19","date_gmt":"2026-01-13T18:07:19","guid":{"rendered":"https:\/\/galeriaazur.art\/?post_type=product&#038;p=390601"},"modified":"2026-01-16T15:35:38","modified_gmt":"2026-01-16T18:35:38","slug":"giro-inevitable","status":"publish","type":"product","link":"https:\/\/galeriaazur.art\/esp\/artwork\/giro-inevitable\/","title":{"rendered":"Giro inevitable"},"content":{"rendered":"<p data-start=\"2141\" data-end=\"2295\"><strong data-start=\"2141\" data-end=\"2159\">ETHEL LISSMANN<\/strong><br data-start=\"2159\" data-end=\"2162\" \/>Giro inevitable<br data-start=\"2177\" data-end=\"2180\" \/>Radio antigua de los a\u00f1os 40, ensamble e intervenci\u00f3n con piezas originales sobre impresi\u00f3n Fine Art.<br data-start=\"2280\" data-end=\"2283\" \/>62 x 81 cm<\/p>\n<p data-start=\"2297\" data-end=\"2314\">Valor: USD 2000<\/p>","protected":false},"excerpt":{"rendered":"<p data-start=\"2141\" data-end=\"2295\"><strong data-start=\"2141\" data-end=\"2159\">ETHEL LISSMANN<\/strong><br data-start=\"2159\" data-end=\"2162\" \/>Giro inevitable<br data-start=\"2177\" data-end=\"2180\" \/>Radio antigua de los a\u00f1os 40, ensamble e intervenci\u00f3n con piezas originales sobre impresi\u00f3n Fine Art.<br data-start=\"2280\" data-end=\"2283\" \/>62 x 81 cm<\/p>\n<p data-start=\"2297\" data-end=\"2314\">Valor: USD 2000<\/p>","protected":false},"author":442,"featured_media":390566,"template":"","meta":{"_et_pb_use_builder":"o","_et_pb_old_content":"","_et_gb_content_width":""},"product_cat":[383,463],"product_tag":[],"acf":[],"_links":{"self":[{"href":"https:\/\/galeriaazur.art\/esp\/wp-json\/wp\/v2\/product\/390601"}],"collection":[{"href":"https:\/\/galeriaazur.art\/esp\/wp-json\/wp\/v2\/product"}],"about":[{"href":"https:\/\/galeriaazur.art\/esp\/wp-json\/wp\/v2\/types\/product"}],"author":[{"embeddable":true,"href":"https:\/\/galeriaazur.art\/esp\/wp-json\/wp\/v2\/users\/442"}],"wp:featuredmedia":[{"embeddable":true,"href":"https:\/\/galeriaazur.art\/esp\/wp-json\/wp\/v2\/media\/390566"}],"wp:attachment":[{"href":"https:\/\/galeriaazur.art\/esp\/wp-json\/wp\/v2\/media?parent=390601"}],"wp:term":[{"taxonomy":"product_cat","embeddable":true,"href":"https:\/\/galeriaazur.art\/esp\/wp-json\/wp\/v2\/product_cat?post=390601"},{"taxonomy":"product_tag","embeddable":true,"href":"https:\/\/galeriaazur.art\/esp\/wp-json\/wp\/v2\/product_tag?post=390601"}],"curies":[{"name":"wp","href":"https:\/\/api.w.org\/{rel}","templated":true}]}}