{"id":390588,"date":"2026-01-13T14:58:12","date_gmt":"2026-01-13T17:58:12","guid":{"rendered":"https:\/\/galeriaazur.art\/?post_type=product&#038;p=390588"},"modified":"2026-01-13T15:06:11","modified_gmt":"2026-01-13T18:06:11","slug":"chroma-morphose-no-7035","status":"publish","type":"product","link":"https:\/\/galeriaazur.art\/esp\/artwork\/chroma-morphose-no-7035\/","title":{"rendered":"Chroma morphose No. 7035"},"content":{"rendered":"<p data-start=\"1685\" data-end=\"1826\"><strong data-start=\"1685\" data-end=\"1710\">CRISTINA MATOS ALBERS<\/strong><br data-start=\"1710\" data-end=\"1713\" \/>Chroma morphose No. 7035 (2024)<br data-start=\"1744\" data-end=\"1747\" \/>Gicl\u00e9e print, Luster fine art libre de \u00e1cido, edici\u00f3n 1\/3 + 2 AP<br data-start=\"1811\" data-end=\"1814\" \/>90 x 60 cm<\/p>\n<p data-start=\"1828\" data-end=\"1845\">Valor: USD 1900<\/p>","protected":false},"excerpt":{"rendered":"<p data-start=\"1685\" data-end=\"1826\"><strong data-start=\"1685\" data-end=\"1710\">CRISTINA MATOS ALBERS<\/strong><br data-start=\"1710\" data-end=\"1713\" \/>Chroma morphose No. 7035 (2024)<br data-start=\"1744\" data-end=\"1747\" \/>Gicl\u00e9e print, Luster fine art libre de \u00e1cido, edici\u00f3n 1\/3 + 2 AP<br data-start=\"1811\" data-end=\"1814\" \/>90 x 60 cm<\/p>\n<p data-start=\"1828\" data-end=\"1845\">Valor: USD 1900<\/p>","protected":false},"author":442,"featured_media":390563,"template":"","meta":{"_et_pb_use_builder":"o","_et_pb_old_content":"","_et_gb_content_width":""},"product_cat":[383,463],"product_tag":[],"acf":[],"_links":{"self":[{"href":"https:\/\/galeriaazur.art\/esp\/wp-json\/wp\/v2\/product\/390588"}],"collection":[{"href":"https:\/\/galeriaazur.art\/esp\/wp-json\/wp\/v2\/product"}],"about":[{"href":"https:\/\/galeriaazur.art\/esp\/wp-json\/wp\/v2\/types\/product"}],"author":[{"embeddable":true,"href":"https:\/\/galeriaazur.art\/esp\/wp-json\/wp\/v2\/users\/442"}],"wp:featuredmedia":[{"embeddable":true,"href":"https:\/\/galeriaazur.art\/esp\/wp-json\/wp\/v2\/media\/390563"}],"wp:attachment":[{"href":"https:\/\/galeriaazur.art\/esp\/wp-json\/wp\/v2\/media?parent=390588"}],"wp:term":[{"taxonomy":"product_cat","embeddable":true,"href":"https:\/\/galeriaazur.art\/esp\/wp-json\/wp\/v2\/product_cat?post=390588"},{"taxonomy":"product_tag","embeddable":true,"href":"https:\/\/galeriaazur.art\/esp\/wp-json\/wp\/v2\/product_tag?post=390588"}],"curies":[{"name":"wp","href":"https:\/\/api.w.org\/{rel}","templated":true}]}}