{"id":390587,"date":"2026-01-13T14:57:00","date_gmt":"2026-01-13T17:57:00","guid":{"rendered":"https:\/\/galeriaazur.art\/?post_type=product&#038;p=390587"},"modified":"2026-01-13T14:57:00","modified_gmt":"2026-01-13T17:57:00","slug":"chroma-morphose-no-6988","status":"publish","type":"product","link":"https:\/\/galeriaazur.art\/esp\/artwork\/chroma-morphose-no-6988\/","title":{"rendered":"Chroma morphose No. 6988"},"content":{"rendered":"<p data-start=\"1522\" data-end=\"1660\"><strong data-start=\"1522\" data-end=\"1547\">CRISTINA MATOS ALBERS<\/strong><br data-start=\"1547\" data-end=\"1550\" \/>Chroma morphose No. 6988 (2024)<br data-start=\"1581\" data-end=\"1584\" \/>Gicl\u00e9e print, Luster fine art libre de \u00e1cido, edici\u00f3n abierta<br data-start=\"1645\" data-end=\"1648\" \/>24 x 24 cm<\/p>\n<p data-start=\"1662\" data-end=\"1678\">Valor: USD 400<\/p>","protected":false},"excerpt":{"rendered":"<p data-start=\"1522\" data-end=\"1660\"><strong data-start=\"1522\" data-end=\"1547\">CRISTINA MATOS ALBERS<\/strong><br data-start=\"1547\" data-end=\"1550\" \/>Chroma morphose No. 6988 (2024)<br data-start=\"1581\" data-end=\"1584\" \/>Gicl\u00e9e print, Luster fine art libre de \u00e1cido, edici\u00f3n abierta<br data-start=\"1645\" data-end=\"1648\" \/>24 x 24 cm<\/p>\n<p data-start=\"1662\" data-end=\"1678\">Valor: USD 400<\/p>\n<p data-start=\"1336\" data-end=\"1352\">Valor: USD 400<\/p>","protected":false},"author":442,"featured_media":390562,"template":"","meta":{"_et_pb_use_builder":"o","_et_pb_old_content":"","_et_gb_content_width":""},"product_cat":[383,463],"product_tag":[],"acf":[],"_links":{"self":[{"href":"https:\/\/galeriaazur.art\/esp\/wp-json\/wp\/v2\/product\/390587"}],"collection":[{"href":"https:\/\/galeriaazur.art\/esp\/wp-json\/wp\/v2\/product"}],"about":[{"href":"https:\/\/galeriaazur.art\/esp\/wp-json\/wp\/v2\/types\/product"}],"author":[{"embeddable":true,"href":"https:\/\/galeriaazur.art\/esp\/wp-json\/wp\/v2\/users\/442"}],"wp:featuredmedia":[{"embeddable":true,"href":"https:\/\/galeriaazur.art\/esp\/wp-json\/wp\/v2\/media\/390562"}],"wp:attachment":[{"href":"https:\/\/galeriaazur.art\/esp\/wp-json\/wp\/v2\/media?parent=390587"}],"wp:term":[{"taxonomy":"product_cat","embeddable":true,"href":"https:\/\/galeriaazur.art\/esp\/wp-json\/wp\/v2\/product_cat?post=390587"},{"taxonomy":"product_tag","embeddable":true,"href":"https:\/\/galeriaazur.art\/esp\/wp-json\/wp\/v2\/product_tag?post=390587"}],"curies":[{"name":"wp","href":"https:\/\/api.w.org\/{rel}","templated":true}]}}