{"id":390584,"date":"2026-01-13T14:53:23","date_gmt":"2026-01-13T17:53:23","guid":{"rendered":"https:\/\/galeriaazur.art\/?post_type=product&#038;p=390584"},"modified":"2026-01-13T14:53:59","modified_gmt":"2026-01-13T17:53:59","slug":"chroma-morphose-no-8310","status":"publish","type":"product","link":"https:\/\/galeriaazur.art\/esp\/artwork\/chroma-morphose-no-8310\/","title":{"rendered":"Chroma morphose No. 8310"},"content":{"rendered":"<p data-start=\"1033\" data-end=\"1171\"><strong data-start=\"1033\" data-end=\"1058\">CRISTINA MATOS ALBERS<\/strong><br data-start=\"1058\" data-end=\"1061\" \/>Chroma morphose No. 8310 (2024)<br data-start=\"1092\" data-end=\"1095\" \/>Gicl\u00e9e print, Luster fine art libre de \u00e1cido, edici\u00f3n abierta<br data-start=\"1156\" data-end=\"1159\" \/>24 x 24 cm<\/p>\n<p data-start=\"1173\" data-end=\"1189\">Valor: USD 400<\/p>","protected":false},"excerpt":{"rendered":"<p data-start=\"1033\" data-end=\"1171\"><strong data-start=\"1033\" data-end=\"1058\">CRISTINA MATOS ALBERS<\/strong><br data-start=\"1058\" data-end=\"1061\" \/>Chroma morphose No. 8310 (2024)<br data-start=\"1092\" data-end=\"1095\" \/>Gicl\u00e9e print, Luster fine art libre de \u00e1cido, edici\u00f3n abierta<br data-start=\"1156\" data-end=\"1159\" \/>24 x 24 cm<\/p>\n<p data-start=\"1173\" data-end=\"1189\">Valor: USD 400<\/p>\n<p data-start=\"1336\" data-end=\"1352\">Valor: USD 400<\/p>","protected":false},"author":442,"featured_media":390559,"template":"","meta":{"_et_pb_use_builder":"o","_et_pb_old_content":"","_et_gb_content_width":""},"product_cat":[383,463],"product_tag":[],"acf":[],"_links":{"self":[{"href":"https:\/\/galeriaazur.art\/esp\/wp-json\/wp\/v2\/product\/390584"}],"collection":[{"href":"https:\/\/galeriaazur.art\/esp\/wp-json\/wp\/v2\/product"}],"about":[{"href":"https:\/\/galeriaazur.art\/esp\/wp-json\/wp\/v2\/types\/product"}],"author":[{"embeddable":true,"href":"https:\/\/galeriaazur.art\/esp\/wp-json\/wp\/v2\/users\/442"}],"wp:featuredmedia":[{"embeddable":true,"href":"https:\/\/galeriaazur.art\/esp\/wp-json\/wp\/v2\/media\/390559"}],"wp:attachment":[{"href":"https:\/\/galeriaazur.art\/esp\/wp-json\/wp\/v2\/media?parent=390584"}],"wp:term":[{"taxonomy":"product_cat","embeddable":true,"href":"https:\/\/galeriaazur.art\/esp\/wp-json\/wp\/v2\/product_cat?post=390584"},{"taxonomy":"product_tag","embeddable":true,"href":"https:\/\/galeriaazur.art\/esp\/wp-json\/wp\/v2\/product_tag?post=390584"}],"curies":[{"name":"wp","href":"https:\/\/api.w.org\/{rel}","templated":true}]}}