{"id":390558,"date":"2026-01-13T14:50:48","date_gmt":"2026-01-13T17:50:48","guid":{"rendered":"https:\/\/galeriaazur.art\/?post_type=product&#038;p=390558"},"modified":"2026-01-13T14:52:05","modified_gmt":"2026-01-13T17:52:05","slug":"chroma-morphose-no-7349","status":"publish","type":"product","link":"https:\/\/galeriaazur.art\/esp\/artwork\/chroma-morphose-no-7349\/","title":{"rendered":"Chroma morphose No. 7349"},"content":{"rendered":"<p data-start=\"1196\" data-end=\"1334\"><strong data-start=\"1196\" data-end=\"1221\">CRISTINA MATOS ALBERS<\/strong><br data-start=\"1221\" data-end=\"1224\" \/>Chroma morphose No. 7349 (2024)<br data-start=\"1255\" data-end=\"1258\" \/>Gicl\u00e9e print, Luster fine art libre de \u00e1cido, edici\u00f3n abierta<br data-start=\"1319\" data-end=\"1322\" \/>24 x 24 cm<\/p>\n<p data-start=\"1336\" data-end=\"1352\">Valor: USD 400<\/p>","protected":false},"excerpt":{"rendered":"<p data-start=\"1196\" data-end=\"1334\"><strong data-start=\"1196\" data-end=\"1221\">CRISTINA MATOS ALBERS<\/strong><br data-start=\"1221\" data-end=\"1224\" \/>Chroma morphose No. 7349 (2024)<br data-start=\"1255\" data-end=\"1258\" \/>Gicl\u00e9e print, Luster fine art libre de \u00e1cido, edici\u00f3n abierta<br data-start=\"1319\" data-end=\"1322\" \/>24 x 24 cm<\/p>\n<p data-start=\"1336\" data-end=\"1352\">Valor: USD 400<\/p>","protected":false},"author":442,"featured_media":390560,"template":"","meta":{"_et_pb_use_builder":"o","_et_pb_old_content":"","_et_gb_content_width":""},"product_cat":[383,463],"product_tag":[],"acf":[],"_links":{"self":[{"href":"https:\/\/galeriaazur.art\/esp\/wp-json\/wp\/v2\/product\/390558"}],"collection":[{"href":"https:\/\/galeriaazur.art\/esp\/wp-json\/wp\/v2\/product"}],"about":[{"href":"https:\/\/galeriaazur.art\/esp\/wp-json\/wp\/v2\/types\/product"}],"author":[{"embeddable":true,"href":"https:\/\/galeriaazur.art\/esp\/wp-json\/wp\/v2\/users\/442"}],"wp:featuredmedia":[{"embeddable":true,"href":"https:\/\/galeriaazur.art\/esp\/wp-json\/wp\/v2\/media\/390560"}],"wp:attachment":[{"href":"https:\/\/galeriaazur.art\/esp\/wp-json\/wp\/v2\/media?parent=390558"}],"wp:term":[{"taxonomy":"product_cat","embeddable":true,"href":"https:\/\/galeriaazur.art\/esp\/wp-json\/wp\/v2\/product_cat?post=390558"},{"taxonomy":"product_tag","embeddable":true,"href":"https:\/\/galeriaazur.art\/esp\/wp-json\/wp\/v2\/product_tag?post=390558"}],"curies":[{"name":"wp","href":"https:\/\/api.w.org\/{rel}","templated":true}]}}