{"id":389293,"date":"2025-12-09T10:22:22","date_gmt":"2025-12-09T13:22:22","guid":{"rendered":"https:\/\/galeriaazur.art\/?post_type=product&#038;p=389293"},"modified":"2026-02-02T13:27:40","modified_gmt":"2026-02-02T16:27:40","slug":"aruera","status":"publish","type":"product","link":"https:\/\/galeriaazur.art\/esp\/artwork\/aruera\/","title":{"rendered":"ARUERA"},"content":{"rendered":"<p>Seg\u00fan la leyenda, Aruera habr\u00eda regresado reencarnada en un \u00e1rbol, acompa\u00f1ada por el veneno que inundaba su coraz\u00f3n, que la llenaba de amargura.<br \/>\nBuen d\u00eda, buenas tardes, buenas noches<\/p>","protected":false},"excerpt":{"rendered":"<a href=\"https:\/\/galeriaazur.art\/esp\/artist\/milagros-jaunsolo-baraibar\/\">Milagros Jaunsolo Baraibar<\/a>","protected":false},"author":3069,"featured_media":389296,"template":"","meta":{"_et_pb_use_builder":"o","_et_pb_old_content":"","_et_gb_content_width":""},"product_cat":[466,180,24,462],"product_tag":[],"acf":[],"_links":{"self":[{"href":"https:\/\/galeriaazur.art\/esp\/wp-json\/wp\/v2\/product\/389293"}],"collection":[{"href":"https:\/\/galeriaazur.art\/esp\/wp-json\/wp\/v2\/product"}],"about":[{"href":"https:\/\/galeriaazur.art\/esp\/wp-json\/wp\/v2\/types\/product"}],"author":[{"embeddable":true,"href":"https:\/\/galeriaazur.art\/esp\/wp-json\/wp\/v2\/users\/3069"}],"wp:featuredmedia":[{"embeddable":true,"href":"https:\/\/galeriaazur.art\/esp\/wp-json\/wp\/v2\/media\/389296"}],"wp:attachment":[{"href":"https:\/\/galeriaazur.art\/esp\/wp-json\/wp\/v2\/media?parent=389293"}],"wp:term":[{"taxonomy":"product_cat","embeddable":true,"href":"https:\/\/galeriaazur.art\/esp\/wp-json\/wp\/v2\/product_cat?post=389293"},{"taxonomy":"product_tag","embeddable":true,"href":"https:\/\/galeriaazur.art\/esp\/wp-json\/wp\/v2\/product_tag?post=389293"}],"curies":[{"name":"wp","href":"https:\/\/api.w.org\/{rel}","templated":true}]}}