{"id":388664,"date":"2025-11-29T20:44:22","date_gmt":"2025-11-29T23:44:22","guid":{"rendered":"https:\/\/galeriaazur.art\/?post_type=product&#038;p=388664"},"modified":"2025-12-02T12:38:16","modified_gmt":"2025-12-02T15:38:16","slug":"retablo-las-puertas-del-paraiso-medieval","status":"publish","type":"product","link":"https:\/\/galeriaazur.art\/esp\/artwork\/retablo-las-puertas-del-paraiso-medieval\/","title":{"rendered":"Retablo, Las puertas del para\u00edso medieval."},"content":{"rendered":"<p>Obra que representa las puertas del para\u00edso medieval, desde una visi\u00f3n cubista y contempor\u00e1nea. Retablo en madera, para el 56 Premio Reina Sof\u00eda de Madrid (Espa\u00f1a)<\/p>","protected":false},"excerpt":{"rendered":"<a href=\"https:\/\/galeriaazur.art\/esp\/artist\/felipe-alarcn-echenique\/\">Felipe Alarcon Echenique<\/a>","protected":false},"author":3080,"featured_media":388675,"template":"","meta":{"_et_pb_use_builder":"o","_et_pb_old_content":"","_et_gb_content_width":""},"product_cat":[140,372],"product_tag":[],"acf":[],"_links":{"self":[{"href":"https:\/\/galeriaazur.art\/esp\/wp-json\/wp\/v2\/product\/388664"}],"collection":[{"href":"https:\/\/galeriaazur.art\/esp\/wp-json\/wp\/v2\/product"}],"about":[{"href":"https:\/\/galeriaazur.art\/esp\/wp-json\/wp\/v2\/types\/product"}],"author":[{"embeddable":true,"href":"https:\/\/galeriaazur.art\/esp\/wp-json\/wp\/v2\/users\/3080"}],"wp:featuredmedia":[{"embeddable":true,"href":"https:\/\/galeriaazur.art\/esp\/wp-json\/wp\/v2\/media\/388675"}],"wp:attachment":[{"href":"https:\/\/galeriaazur.art\/esp\/wp-json\/wp\/v2\/media?parent=388664"}],"wp:term":[{"taxonomy":"product_cat","embeddable":true,"href":"https:\/\/galeriaazur.art\/esp\/wp-json\/wp\/v2\/product_cat?post=388664"},{"taxonomy":"product_tag","embeddable":true,"href":"https:\/\/galeriaazur.art\/esp\/wp-json\/wp\/v2\/product_tag?post=388664"}],"curies":[{"name":"wp","href":"https:\/\/api.w.org\/{rel}","templated":true}]}}