{"id":388653,"date":"2025-11-29T22:37:37","date_gmt":"2025-11-30T01:37:37","guid":{"rendered":"https:\/\/galeriaazur.art\/?post_type=product&#038;p=388653"},"modified":"2025-12-02T12:38:01","modified_gmt":"2025-12-02T15:38:01","slug":"cronicas-en-blanco-y-negro-ii-los-musicos-de-la-limosna","status":"publish","type":"product","link":"https:\/\/galeriaazur.art\/esp\/artwork\/cronicas-en-blanco-y-negro-ii-los-musicos-de-la-limosna\/","title":{"rendered":"CR\u00d3NICAS EN BLANCO Y NEGRO (II). Los m\u00fasicos de la  limosna."},"content":{"rendered":"<p>Serie de dibujo inspirada en escenas y cr\u00f3nicas de las grandes ciudades.<\/p>","protected":false},"excerpt":{"rendered":"<a href=\"https:\/\/galeriaazur.art\/esp\/artist\/felipe-alarcn-echenique\/\">Felipe Alarcon Echenique<\/a>","protected":false},"author":3080,"featured_media":388655,"template":"","meta":{"_et_pb_use_builder":"o","_et_pb_old_content":"","_et_gb_content_width":""},"product_cat":[140,372],"product_tag":[],"acf":[],"_links":{"self":[{"href":"https:\/\/galeriaazur.art\/esp\/wp-json\/wp\/v2\/product\/388653"}],"collection":[{"href":"https:\/\/galeriaazur.art\/esp\/wp-json\/wp\/v2\/product"}],"about":[{"href":"https:\/\/galeriaazur.art\/esp\/wp-json\/wp\/v2\/types\/product"}],"author":[{"embeddable":true,"href":"https:\/\/galeriaazur.art\/esp\/wp-json\/wp\/v2\/users\/3080"}],"wp:featuredmedia":[{"embeddable":true,"href":"https:\/\/galeriaazur.art\/esp\/wp-json\/wp\/v2\/media\/388655"}],"wp:attachment":[{"href":"https:\/\/galeriaazur.art\/esp\/wp-json\/wp\/v2\/media?parent=388653"}],"wp:term":[{"taxonomy":"product_cat","embeddable":true,"href":"https:\/\/galeriaazur.art\/esp\/wp-json\/wp\/v2\/product_cat?post=388653"},{"taxonomy":"product_tag","embeddable":true,"href":"https:\/\/galeriaazur.art\/esp\/wp-json\/wp\/v2\/product_tag?post=388653"}],"curies":[{"name":"wp","href":"https:\/\/api.w.org\/{rel}","templated":true}]}}