{"id":388647,"date":"2025-11-29T22:23:53","date_gmt":"2025-11-30T01:23:53","guid":{"rendered":"https:\/\/galeriaazur.art\/?post_type=product&#038;p=388647"},"modified":"2025-12-02T12:37:59","modified_gmt":"2025-12-02T15:37:59","slug":"los-caminos-de-santa-barbara","status":"publish","type":"product","link":"https:\/\/galeriaazur.art\/esp\/artwork\/los-caminos-de-santa-barbara\/","title":{"rendered":"Los caminos de Santa B\u00e1rbara."},"content":{"rendered":"<p>Obra inspirada en el mestizada y el sincretismo cultural y la dualidad, entre el arte cristiano-espa\u00f1ol y el africano, Santa Barbara en la cultura espa\u00f1ola y Chang\u00f3 en los Orishas africanos<\/p>","protected":false},"excerpt":{"rendered":"<a href=\"https:\/\/galeriaazur.art\/esp\/artist\/felipe-alarcn-echenique\/\">Felipe Alarcon Echenique<\/a>","protected":false},"author":3080,"featured_media":388651,"template":"","meta":{"_et_pb_use_builder":"o","_et_pb_old_content":"","_et_gb_content_width":""},"product_cat":[140,372],"product_tag":[],"acf":[],"_links":{"self":[{"href":"https:\/\/galeriaazur.art\/esp\/wp-json\/wp\/v2\/product\/388647"}],"collection":[{"href":"https:\/\/galeriaazur.art\/esp\/wp-json\/wp\/v2\/product"}],"about":[{"href":"https:\/\/galeriaazur.art\/esp\/wp-json\/wp\/v2\/types\/product"}],"author":[{"embeddable":true,"href":"https:\/\/galeriaazur.art\/esp\/wp-json\/wp\/v2\/users\/3080"}],"wp:featuredmedia":[{"embeddable":true,"href":"https:\/\/galeriaazur.art\/esp\/wp-json\/wp\/v2\/media\/388651"}],"wp:attachment":[{"href":"https:\/\/galeriaazur.art\/esp\/wp-json\/wp\/v2\/media?parent=388647"}],"wp:term":[{"taxonomy":"product_cat","embeddable":true,"href":"https:\/\/galeriaazur.art\/esp\/wp-json\/wp\/v2\/product_cat?post=388647"},{"taxonomy":"product_tag","embeddable":true,"href":"https:\/\/galeriaazur.art\/esp\/wp-json\/wp\/v2\/product_tag?post=388647"}],"curies":[{"name":"wp","href":"https:\/\/api.w.org\/{rel}","templated":true}]}}