{"id":387862,"date":"2025-11-25T14:02:54","date_gmt":"2025-11-25T17:02:54","guid":{"rendered":"https:\/\/galeriaazur.art\/?post_type=product&#038;p=387862"},"modified":"2026-02-02T13:27:41","modified_gmt":"2026-02-02T16:27:41","slug":"interpelar-lo-cotidiano","status":"publish","type":"product","link":"https:\/\/galeriaazur.art\/esp\/artwork\/interpelar-lo-cotidiano\/","title":{"rendered":"INTERPELAR LO COTIDIANO"},"content":{"rendered":"<p>La obra propone detener la inercia de lo habitual y usar la duda para cuestionar lo que damos por sentado. Aqu\u00ed, las preguntas valen m\u00e1s que las respuestas. \u00bfEs realmente tan cotidiano lo que llamamos cotidiano?<\/p>\n<p>El gesto es simple: el extra\u00f1amiento de lo obvio. Una invitaci\u00f3n a mirar de nuevo nuestras acciones m\u00ednimas, esas que creemos transparentes, hasta descubrir que incluso lo elemental guarda mecanismos que a\u00fan pueden sorprendernos.<\/p>","protected":false},"excerpt":{"rendered":"<a href=\"https:\/\/galeriaazur.art\/esp\/artist\/milagros-jaunsolo-baraibar\/\">Milagros Jaunsolo Baraibar<\/a>","protected":false},"author":3069,"featured_media":387863,"template":"","meta":{"_et_pb_use_builder":"o","_et_pb_old_content":"","_et_gb_content_width":""},"product_cat":[466,180,24,462],"product_tag":[],"acf":[],"_links":{"self":[{"href":"https:\/\/galeriaazur.art\/esp\/wp-json\/wp\/v2\/product\/387862"}],"collection":[{"href":"https:\/\/galeriaazur.art\/esp\/wp-json\/wp\/v2\/product"}],"about":[{"href":"https:\/\/galeriaazur.art\/esp\/wp-json\/wp\/v2\/types\/product"}],"author":[{"embeddable":true,"href":"https:\/\/galeriaazur.art\/esp\/wp-json\/wp\/v2\/users\/3069"}],"wp:featuredmedia":[{"embeddable":true,"href":"https:\/\/galeriaazur.art\/esp\/wp-json\/wp\/v2\/media\/387863"}],"wp:attachment":[{"href":"https:\/\/galeriaazur.art\/esp\/wp-json\/wp\/v2\/media?parent=387862"}],"wp:term":[{"taxonomy":"product_cat","embeddable":true,"href":"https:\/\/galeriaazur.art\/esp\/wp-json\/wp\/v2\/product_cat?post=387862"},{"taxonomy":"product_tag","embeddable":true,"href":"https:\/\/galeriaazur.art\/esp\/wp-json\/wp\/v2\/product_tag?post=387862"}],"curies":[{"name":"wp","href":"https:\/\/api.w.org\/{rel}","templated":true}]}}