{"id":387860,"date":"2025-11-22T09:41:37","date_gmt":"2025-11-22T12:41:37","guid":{"rendered":"https:\/\/galeriaazur.art\/?post_type=product&#038;p=387860"},"modified":"2026-02-02T13:27:42","modified_gmt":"2026-02-02T16:27:42","slug":"la-radicalidad-de-un-instante","status":"publish","type":"product","link":"https:\/\/galeriaazur.art\/esp\/artwork\/la-radicalidad-de-un-instante\/","title":{"rendered":"LA RADICALIDAD DE UN INSTANTE"},"content":{"rendered":"<p>Todo lo que en un principio cre\u00ed que continuaba dej\u00f3 de ser necesario. Un instante que se volvi\u00f3 mas verdadeo que cualquier plan.<br \/>\nLa obra dialoga con esas irrupciones m\u00ednimas que alteran la trayectoria, a veces para bien, otras desde la incomodidad, pero que siempre nos imponen un cese breve con la capacidad de definir lo que sigue, incluso cuando creemos que ya sabemos hacia d\u00f3nde \u00edbamos.<\/p>","protected":false},"excerpt":{"rendered":"<a href=\"https:\/\/galeriaazur.art\/esp\/artist\/milagros-jaunsolo-baraibar\/\">Milagros Jaunsolo Baraibar<\/a>","protected":false},"author":3069,"featured_media":387861,"template":"","meta":{"_et_pb_use_builder":"o","_et_pb_old_content":"","_et_gb_content_width":""},"product_cat":[466,180,24,462],"product_tag":[],"acf":[],"_links":{"self":[{"href":"https:\/\/galeriaazur.art\/esp\/wp-json\/wp\/v2\/product\/387860"}],"collection":[{"href":"https:\/\/galeriaazur.art\/esp\/wp-json\/wp\/v2\/product"}],"about":[{"href":"https:\/\/galeriaazur.art\/esp\/wp-json\/wp\/v2\/types\/product"}],"author":[{"embeddable":true,"href":"https:\/\/galeriaazur.art\/esp\/wp-json\/wp\/v2\/users\/3069"}],"wp:featuredmedia":[{"embeddable":true,"href":"https:\/\/galeriaazur.art\/esp\/wp-json\/wp\/v2\/media\/387861"}],"wp:attachment":[{"href":"https:\/\/galeriaazur.art\/esp\/wp-json\/wp\/v2\/media?parent=387860"}],"wp:term":[{"taxonomy":"product_cat","embeddable":true,"href":"https:\/\/galeriaazur.art\/esp\/wp-json\/wp\/v2\/product_cat?post=387860"},{"taxonomy":"product_tag","embeddable":true,"href":"https:\/\/galeriaazur.art\/esp\/wp-json\/wp\/v2\/product_tag?post=387860"}],"curies":[{"name":"wp","href":"https:\/\/api.w.org\/{rel}","templated":true}]}}