{"id":387858,"date":"2025-11-22T09:38:47","date_gmt":"2025-11-22T12:38:47","guid":{"rendered":"https:\/\/galeriaazur.art\/?post_type=product&#038;p=387858"},"modified":"2026-02-02T13:27:42","modified_gmt":"2026-02-02T16:27:42","slug":"introspeccion-02","status":"publish","type":"product","link":"https:\/\/galeriaazur.art\/esp\/artwork\/introspeccion-02\/","title":{"rendered":"INTROSPECCION 02"},"content":{"rendered":"<p>La serie explora la din\u00e1mica de la introspecci\u00f3n como un territorio en constante tensi\u00f3n: un proceso que no se limita al acto de mirarse, sino que propone a atravesar capas m\u00e1s profundas, zonas donde se revelan certezas, marcas de decisiones pasadas y ese equilibrio inestable entre resguardar y manifestar.<\/p>\n<p>La obra invita a permanecer en ese intersticio donde lo visible y lo velado coexisten, y en el que avanzar no siempre implica claridad.<\/p>\n<p>\u00bfQu\u00e9 parte de tu recorrido interno permanece velada incluso para vos?<\/p>","protected":false},"excerpt":{"rendered":"<a href=\"https:\/\/galeriaazur.art\/esp\/artist\/milagros-jaunsolo-baraibar\/\">Milagros Jaunsolo Baraibar<\/a>","protected":false},"author":3069,"featured_media":387859,"template":"","meta":{"_et_pb_use_builder":"o","_et_pb_old_content":"","_et_gb_content_width":""},"product_cat":[466,180,24,462],"product_tag":[],"acf":[],"_links":{"self":[{"href":"https:\/\/galeriaazur.art\/esp\/wp-json\/wp\/v2\/product\/387858"}],"collection":[{"href":"https:\/\/galeriaazur.art\/esp\/wp-json\/wp\/v2\/product"}],"about":[{"href":"https:\/\/galeriaazur.art\/esp\/wp-json\/wp\/v2\/types\/product"}],"author":[{"embeddable":true,"href":"https:\/\/galeriaazur.art\/esp\/wp-json\/wp\/v2\/users\/3069"}],"wp:featuredmedia":[{"embeddable":true,"href":"https:\/\/galeriaazur.art\/esp\/wp-json\/wp\/v2\/media\/387859"}],"wp:attachment":[{"href":"https:\/\/galeriaazur.art\/esp\/wp-json\/wp\/v2\/media?parent=387858"}],"wp:term":[{"taxonomy":"product_cat","embeddable":true,"href":"https:\/\/galeriaazur.art\/esp\/wp-json\/wp\/v2\/product_cat?post=387858"},{"taxonomy":"product_tag","embeddable":true,"href":"https:\/\/galeriaazur.art\/esp\/wp-json\/wp\/v2\/product_tag?post=387858"}],"curies":[{"name":"wp","href":"https:\/\/api.w.org\/{rel}","templated":true}]}}