{"id":386648,"date":"2025-11-12T17:09:41","date_gmt":"2025-11-12T20:09:41","guid":{"rendered":"https:\/\/galeriaazur.art\/?post_type=product&#038;p=386648"},"modified":"2025-11-12T17:09:42","modified_gmt":"2025-11-12T20:09:42","slug":"oceano-2","status":"publish","type":"product","link":"https:\/\/galeriaazur.art\/esp\/artwork\/oceano-2\/","title":{"rendered":"OC\u00c9ANO"},"content":{"rendered":"<p><span class=\"a_GcMg font-feature-liga-off font-feature-clig-off font-feature-calt-off text-decoration-none text-strikethrough-none\">ANDR\u00c9S SAGARIO<\/span><br \/>\nT\u00e9cnica: <span class=\"a_GcMg font-feature-liga-off font-feature-clig-off font-feature-calt-off text-decoration-none text-strikethrough-none\">Acr\u00edlico termoformado. <\/span><span class=\"a_GcMg font-feature-liga-off font-feature-clig-off font-feature-calt-off text-decoration-none text-strikethrough-none\">L\u00e1mina de acr\u00edlico laqueado en color azul suave con acabado brillante, resina poli\u00e9ster, laca automotriz protectora.<br \/>\n<\/span>Medidas: 100 x 100 cm<br \/>\nValor: U$S 850<\/p>","protected":false},"excerpt":{"rendered":"<p><span class=\"a_GcMg font-feature-liga-off font-feature-clig-off font-feature-calt-off text-decoration-none text-strikethrough-none\">ANDR\u00c9S SAGARIO<\/span><br \/>\nT\u00e9cnica: <span class=\"a_GcMg font-feature-liga-off font-feature-clig-off font-feature-calt-off text-decoration-none text-strikethrough-none\">Acr\u00edlico termoformado. <\/span><span class=\"a_GcMg font-feature-liga-off font-feature-clig-off font-feature-calt-off text-decoration-none text-strikethrough-none\">L\u00e1mina de acr\u00edlico laqueado en color azul suave con acabado brillante, resina poli\u00e9ster, laca automotriz protectora.<br \/>\n<\/span>Medidas: 100 x 100 cm<br \/>\nValor: U$S 850<\/p>","protected":false},"author":442,"featured_media":386642,"template":"","meta":{"_et_pb_use_builder":"o","_et_pb_old_content":"","_et_gb_content_width":""},"product_cat":[383,386,454],"product_tag":[],"acf":[],"_links":{"self":[{"href":"https:\/\/galeriaazur.art\/esp\/wp-json\/wp\/v2\/product\/386648"}],"collection":[{"href":"https:\/\/galeriaazur.art\/esp\/wp-json\/wp\/v2\/product"}],"about":[{"href":"https:\/\/galeriaazur.art\/esp\/wp-json\/wp\/v2\/types\/product"}],"author":[{"embeddable":true,"href":"https:\/\/galeriaazur.art\/esp\/wp-json\/wp\/v2\/users\/442"}],"wp:featuredmedia":[{"embeddable":true,"href":"https:\/\/galeriaazur.art\/esp\/wp-json\/wp\/v2\/media\/386642"}],"wp:attachment":[{"href":"https:\/\/galeriaazur.art\/esp\/wp-json\/wp\/v2\/media?parent=386648"}],"wp:term":[{"taxonomy":"product_cat","embeddable":true,"href":"https:\/\/galeriaazur.art\/esp\/wp-json\/wp\/v2\/product_cat?post=386648"},{"taxonomy":"product_tag","embeddable":true,"href":"https:\/\/galeriaazur.art\/esp\/wp-json\/wp\/v2\/product_tag?post=386648"}],"curies":[{"name":"wp","href":"https:\/\/api.w.org\/{rel}","templated":true}]}}