{"id":386647,"date":"2025-11-12T17:08:02","date_gmt":"2025-11-12T20:08:02","guid":{"rendered":"https:\/\/galeriaazur.art\/?post_type=product&#038;p=386647"},"modified":"2025-11-12T17:08:02","modified_gmt":"2025-11-12T20:08:02","slug":"pulso-carmesi","status":"publish","type":"product","link":"https:\/\/galeriaazur.art\/esp\/artwork\/pulso-carmesi\/","title":{"rendered":"PULSO CARMES\u00cd"},"content":{"rendered":"<p><span class=\"a_GcMg font-feature-liga-off font-feature-clig-off font-feature-calt-off text-decoration-none text-strikethrough-none\">ANDR\u00c9S SAGARIO<\/span><br \/>\nT\u00e9cnica:<span class=\"a_GcMg font-feature-liga-off font-feature-clig-off font-feature-calt-off text-decoration-none text-strikethrough-none\"> Acr\u00edlico termoformado. L\u00e1mina de acr\u00edlico de alto espesor con acabado brillante, pigmento rojo carmes\u00ed, resina poliester, laca protectora automotriz de alto brillo.<\/span><br \/>\nMedidas: 200 x 100 cm<br \/>\nValor: U$S 1000<\/p>","protected":false},"excerpt":{"rendered":"<p><span class=\"a_GcMg font-feature-liga-off font-feature-clig-off font-feature-calt-off text-decoration-none text-strikethrough-none\">ANDR\u00c9S SAGARIO<\/span><br \/>\nT\u00e9cnica:<span class=\"a_GcMg font-feature-liga-off font-feature-clig-off font-feature-calt-off text-decoration-none text-strikethrough-none\"> Acr\u00edlico termoformado. L\u00e1mina de acr\u00edlico de alto espesor con acabado brillante, pigmento rojo carmes\u00ed, resina poliester, laca protectora automotriz de alto brillo.<\/span><br \/>\nMedidas: 200 x 100 cm<br \/>\nValor: U$S 1000<\/p>","protected":false},"author":442,"featured_media":386641,"template":"","meta":{"_et_pb_use_builder":"o","_et_pb_old_content":"","_et_gb_content_width":""},"product_cat":[383,386,454],"product_tag":[],"acf":[],"_links":{"self":[{"href":"https:\/\/galeriaazur.art\/esp\/wp-json\/wp\/v2\/product\/386647"}],"collection":[{"href":"https:\/\/galeriaazur.art\/esp\/wp-json\/wp\/v2\/product"}],"about":[{"href":"https:\/\/galeriaazur.art\/esp\/wp-json\/wp\/v2\/types\/product"}],"author":[{"embeddable":true,"href":"https:\/\/galeriaazur.art\/esp\/wp-json\/wp\/v2\/users\/442"}],"wp:featuredmedia":[{"embeddable":true,"href":"https:\/\/galeriaazur.art\/esp\/wp-json\/wp\/v2\/media\/386641"}],"wp:attachment":[{"href":"https:\/\/galeriaazur.art\/esp\/wp-json\/wp\/v2\/media?parent=386647"}],"wp:term":[{"taxonomy":"product_cat","embeddable":true,"href":"https:\/\/galeriaazur.art\/esp\/wp-json\/wp\/v2\/product_cat?post=386647"},{"taxonomy":"product_tag","embeddable":true,"href":"https:\/\/galeriaazur.art\/esp\/wp-json\/wp\/v2\/product_tag?post=386647"}],"curies":[{"name":"wp","href":"https:\/\/api.w.org\/{rel}","templated":true}]}}