{"id":386333,"date":"2025-11-08T11:59:18","date_gmt":"2025-11-08T14:59:18","guid":{"rendered":"https:\/\/galeriaazur.art\/?post_type=product&#038;p=386333"},"modified":"2025-11-25T17:18:46","modified_gmt":"2025-11-25T20:18:46","slug":"ete-a-giverny","status":"publish","type":"product","link":"https:\/\/galeriaazur.art\/esp\/artwork\/ete-a-giverny\/","title":{"rendered":"\u00c9t\u00e9 \u00e0 Giverny"},"content":{"rendered":"<p>&quot;\u00e9t\u00e9 \u00e0 Giverny&quot; captures the sensory impression of Monet&#039;s gardens through gestural brushwork and layered color fields that dissolve precise contours into chromatic relationships. Blues and greens suggest foliage and sky, while bursts of coral, orange, and yellow evoke blooming flowers; the vertical rhythm of stems provides structure within spontaneous, flowing strokes that allow colors to bleed and blend organically. <\/p>\n<p>Rather than depicting the place literally, the work invites viewers to experience what Monet called &quot;bunte Stille&quot; \u2013 the colorful stillness of a summer day, the momentary harmony of light, form, and atmosphere that defines a specific time and place.<\/p>","protected":false},"excerpt":{"rendered":"<a href=\"https:\/\/galeriaazur.art\/esp\/artist\/isabel-breininger\/\">Isabel Breininger<\/a>","protected":false},"author":3062,"featured_media":386334,"template":"","meta":{"_et_pb_use_builder":"o","_et_pb_old_content":"","_et_gb_content_width":""},"product_cat":[456,24,452],"product_tag":[],"acf":[],"_links":{"self":[{"href":"https:\/\/galeriaazur.art\/esp\/wp-json\/wp\/v2\/product\/386333"}],"collection":[{"href":"https:\/\/galeriaazur.art\/esp\/wp-json\/wp\/v2\/product"}],"about":[{"href":"https:\/\/galeriaazur.art\/esp\/wp-json\/wp\/v2\/types\/product"}],"author":[{"embeddable":true,"href":"https:\/\/galeriaazur.art\/esp\/wp-json\/wp\/v2\/users\/3062"}],"wp:featuredmedia":[{"embeddable":true,"href":"https:\/\/galeriaazur.art\/esp\/wp-json\/wp\/v2\/media\/386334"}],"wp:attachment":[{"href":"https:\/\/galeriaazur.art\/esp\/wp-json\/wp\/v2\/media?parent=386333"}],"wp:term":[{"taxonomy":"product_cat","embeddable":true,"href":"https:\/\/galeriaazur.art\/esp\/wp-json\/wp\/v2\/product_cat?post=386333"},{"taxonomy":"product_tag","embeddable":true,"href":"https:\/\/galeriaazur.art\/esp\/wp-json\/wp\/v2\/product_tag?post=386333"}],"curies":[{"name":"wp","href":"https:\/\/api.w.org\/{rel}","templated":true}]}}