{"id":384562,"date":"2025-10-31T13:29:58","date_gmt":"2025-10-31T16:29:58","guid":{"rendered":"https:\/\/galeriaazur.art\/?post_type=product&#038;p=384562"},"modified":"2025-11-03T10:02:22","modified_gmt":"2025-11-03T13:02:22","slug":"odenslunda-hast-hagen","status":"publish","type":"product","link":"https:\/\/galeriaazur.art\/esp\/artwork\/odenslunda-hast-hagen\/","title":{"rendered":"Odenslunda h\u00e4st hagen"},"content":{"rendered":"<p>Oil on canvas. From a smal \u00e5 in the aria Upplands V\u00e4sby there i lived as a child. The painting is made from a photo of that Annelie Giorgio tagit.<\/p>","protected":false},"excerpt":{"rendered":"<a href=\"https:\/\/galeriaazur.art\/esp\/artist\/jennifer-fincher\/\">Jennifer Fincher<\/a>","protected":false},"author":3048,"featured_media":384563,"template":"","meta":{"_et_pb_use_builder":"o","_et_pb_old_content":"","_et_gb_content_width":""},"product_cat":[140,372],"product_tag":[],"acf":[],"_links":{"self":[{"href":"https:\/\/galeriaazur.art\/esp\/wp-json\/wp\/v2\/product\/384562"}],"collection":[{"href":"https:\/\/galeriaazur.art\/esp\/wp-json\/wp\/v2\/product"}],"about":[{"href":"https:\/\/galeriaazur.art\/esp\/wp-json\/wp\/v2\/types\/product"}],"author":[{"embeddable":true,"href":"https:\/\/galeriaazur.art\/esp\/wp-json\/wp\/v2\/users\/3048"}],"wp:featuredmedia":[{"embeddable":true,"href":"https:\/\/galeriaazur.art\/esp\/wp-json\/wp\/v2\/media\/384563"}],"wp:attachment":[{"href":"https:\/\/galeriaazur.art\/esp\/wp-json\/wp\/v2\/media?parent=384562"}],"wp:term":[{"taxonomy":"product_cat","embeddable":true,"href":"https:\/\/galeriaazur.art\/esp\/wp-json\/wp\/v2\/product_cat?post=384562"},{"taxonomy":"product_tag","embeddable":true,"href":"https:\/\/galeriaazur.art\/esp\/wp-json\/wp\/v2\/product_tag?post=384562"}],"curies":[{"name":"wp","href":"https:\/\/api.w.org\/{rel}","templated":true}]}}