{"id":381756,"date":"2025-09-22T08:07:17","date_gmt":"2025-09-22T11:07:17","guid":{"rendered":"https:\/\/galeriaazur.art\/?post_type=product&#038;p=381756"},"modified":"2025-09-23T11:18:58","modified_gmt":"2025-09-23T14:18:58","slug":"le-due-amelia","status":"publish","type":"product","link":"https:\/\/galeriaazur.art\/esp\/artwork\/le-due-amelia\/","title":{"rendered":"Le due Amelia"},"content":{"rendered":"<p>Ritratto della poetessa Amelia Rosselli. L&#039;opera la vede a contatto con s\u00e8 stessa, con quella parte pi\u00f9 intima e dolorosa che ognuno di noi ha dentro di s\u00e9 e che cela al pubblico. Amelia si perde e si ritrova, si scopre tratto di pennello e si disegna per raccontarsi, proprio come se si stesse leggendo una sua poesia.<\/p>","protected":false},"excerpt":{"rendered":"<a href=\"https:\/\/galeriaazur.art\/esp\/artist\/alice-de-santis\/\">Alice Margherita<\/a>","protected":false},"author":2925,"featured_media":381757,"template":"","meta":{"_et_pb_use_builder":"o","_et_pb_old_content":"","_et_gb_content_width":""},"product_cat":[24,437],"product_tag":[],"acf":[],"_links":{"self":[{"href":"https:\/\/galeriaazur.art\/esp\/wp-json\/wp\/v2\/product\/381756"}],"collection":[{"href":"https:\/\/galeriaazur.art\/esp\/wp-json\/wp\/v2\/product"}],"about":[{"href":"https:\/\/galeriaazur.art\/esp\/wp-json\/wp\/v2\/types\/product"}],"author":[{"embeddable":true,"href":"https:\/\/galeriaazur.art\/esp\/wp-json\/wp\/v2\/users\/2925"}],"wp:featuredmedia":[{"embeddable":true,"href":"https:\/\/galeriaazur.art\/esp\/wp-json\/wp\/v2\/media\/381757"}],"wp:attachment":[{"href":"https:\/\/galeriaazur.art\/esp\/wp-json\/wp\/v2\/media?parent=381756"}],"wp:term":[{"taxonomy":"product_cat","embeddable":true,"href":"https:\/\/galeriaazur.art\/esp\/wp-json\/wp\/v2\/product_cat?post=381756"},{"taxonomy":"product_tag","embeddable":true,"href":"https:\/\/galeriaazur.art\/esp\/wp-json\/wp\/v2\/product_tag?post=381756"}],"curies":[{"name":"wp","href":"https:\/\/api.w.org\/{rel}","templated":true}]}}