{"id":381749,"date":"2025-09-22T16:11:25","date_gmt":"2025-09-22T19:11:25","guid":{"rendered":"https:\/\/galeriaazur.art\/?post_type=product&#038;p=381749"},"modified":"2025-09-22T16:11:45","modified_gmt":"2025-09-22T19:11:45","slug":"intensidad-3","status":"publish","type":"product","link":"https:\/\/galeriaazur.art\/esp\/artwork\/intensidad-3\/","title":{"rendered":"INTENSIDAD 3"},"content":{"rendered":"<p>Ver\u00f3nica Schiavina.<br \/>\nT\u00e9cnica: fotograf\u00eda intervenida con papeles, impresa en papel hahnem\u00fchle.<br \/>\nMedidas: 17,5 x 14,5 cm &#8211;<br \/>\nValor: U$S 150<\/p>","protected":false},"excerpt":{"rendered":"<p>Ver\u00f3nica Schiavina.<br \/>\nT\u00e9cnica: fotograf\u00eda intervenida con papeles, impresa en papel hahnem\u00fchle.<br \/>\nMedidas: 17,5 x 14,5 cm &#8211;<br \/>\nValor: U$S 150<\/p>","protected":false},"author":442,"featured_media":381750,"template":"","meta":{"_et_pb_use_builder":"o","_et_pb_old_content":"","_et_gb_content_width":""},"product_cat":[383,386,441],"product_tag":[],"acf":[],"_links":{"self":[{"href":"https:\/\/galeriaazur.art\/esp\/wp-json\/wp\/v2\/product\/381749"}],"collection":[{"href":"https:\/\/galeriaazur.art\/esp\/wp-json\/wp\/v2\/product"}],"about":[{"href":"https:\/\/galeriaazur.art\/esp\/wp-json\/wp\/v2\/types\/product"}],"author":[{"embeddable":true,"href":"https:\/\/galeriaazur.art\/esp\/wp-json\/wp\/v2\/users\/442"}],"wp:featuredmedia":[{"embeddable":true,"href":"https:\/\/galeriaazur.art\/esp\/wp-json\/wp\/v2\/media\/381750"}],"wp:attachment":[{"href":"https:\/\/galeriaazur.art\/esp\/wp-json\/wp\/v2\/media?parent=381749"}],"wp:term":[{"taxonomy":"product_cat","embeddable":true,"href":"https:\/\/galeriaazur.art\/esp\/wp-json\/wp\/v2\/product_cat?post=381749"},{"taxonomy":"product_tag","embeddable":true,"href":"https:\/\/galeriaazur.art\/esp\/wp-json\/wp\/v2\/product_tag?post=381749"}],"curies":[{"name":"wp","href":"https:\/\/api.w.org\/{rel}","templated":true}]}}