{"id":381464,"date":"2025-09-18T04:52:41","date_gmt":"2025-09-18T07:52:41","guid":{"rendered":"https:\/\/galeriaazur.art\/?post_type=product&#038;p=381464"},"modified":"2025-09-18T08:34:21","modified_gmt":"2025-09-18T11:34:21","slug":"la-foret-dense","status":"publish","type":"product","link":"https:\/\/galeriaazur.art\/esp\/artwork\/la-foret-dense\/","title":{"rendered":"La for\u00eat dense"},"content":{"rendered":"<p>La for\u00eat dense d\u00e9voile ses branches et ses secrets.<br \/>\nLa lumi\u00e8re du soleil, filtr\u00e9e \u00e0 travers le feuillage, joue avec les ombres et les reflets, cr\u00e9ant un paysage de contrastes, comme le reflet des profondeurs de l\u2019\u00e2me.<\/p>\n<p>Chaque pas que nous faisons est une exploration int\u00e9rieure, un voyage de l&#8217;ombre vers la lumi\u00e8re, o\u00f9 chaque rayon traversant le feuillage apporte avec lui une promesse d&#8217;optimisme.<\/p>","protected":false},"excerpt":{"rendered":"<a href=\"https:\/\/galeriaazur.art\/esp\/artist\/jean-pierre-fleury\/\">Jean Pierre Fleury<\/a>","protected":false},"author":3023,"featured_media":381467,"template":"","meta":{"_et_pb_use_builder":"o","_et_pb_old_content":"","_et_gb_content_width":""},"product_cat":[24,439],"product_tag":[],"acf":[],"_links":{"self":[{"href":"https:\/\/galeriaazur.art\/esp\/wp-json\/wp\/v2\/product\/381464"}],"collection":[{"href":"https:\/\/galeriaazur.art\/esp\/wp-json\/wp\/v2\/product"}],"about":[{"href":"https:\/\/galeriaazur.art\/esp\/wp-json\/wp\/v2\/types\/product"}],"author":[{"embeddable":true,"href":"https:\/\/galeriaazur.art\/esp\/wp-json\/wp\/v2\/users\/3023"}],"wp:featuredmedia":[{"embeddable":true,"href":"https:\/\/galeriaazur.art\/esp\/wp-json\/wp\/v2\/media\/381467"}],"wp:attachment":[{"href":"https:\/\/galeriaazur.art\/esp\/wp-json\/wp\/v2\/media?parent=381464"}],"wp:term":[{"taxonomy":"product_cat","embeddable":true,"href":"https:\/\/galeriaazur.art\/esp\/wp-json\/wp\/v2\/product_cat?post=381464"},{"taxonomy":"product_tag","embeddable":true,"href":"https:\/\/galeriaazur.art\/esp\/wp-json\/wp\/v2\/product_tag?post=381464"}],"curies":[{"name":"wp","href":"https:\/\/api.w.org\/{rel}","templated":true}]}}