{"id":381462,"date":"2025-09-18T05:15:49","date_gmt":"2025-09-18T08:15:49","guid":{"rendered":"https:\/\/galeriaazur.art\/?post_type=product&#038;p=381462"},"modified":"2025-09-18T08:35:07","modified_gmt":"2025-09-18T11:35:07","slug":"le-tourbillon","status":"publish","type":"product","link":"https:\/\/galeriaazur.art\/esp\/artwork\/le-tourbillon\/","title":{"rendered":"Le tourbillon"},"content":{"rendered":"<p>Dans la brume dansante, les troncs s&#039;\u00e9tirent comme des flammes fig\u00e9es en pri\u00e8res. Le vent, tourbillon invisible effleure la clairi\u00e8re et l&#039;air tremble, palpite, chavire.<\/p>","protected":false},"excerpt":{"rendered":"<a href=\"https:\/\/galeriaazur.art\/esp\/artist\/jean-pierre-fleury\/\">Jean Pierre Fleury<\/a>","protected":false},"author":3023,"featured_media":381463,"template":"","meta":{"_et_pb_use_builder":"o","_et_pb_old_content":"","_et_gb_content_width":""},"product_cat":[24,439],"product_tag":[],"acf":[],"_links":{"self":[{"href":"https:\/\/galeriaazur.art\/esp\/wp-json\/wp\/v2\/product\/381462"}],"collection":[{"href":"https:\/\/galeriaazur.art\/esp\/wp-json\/wp\/v2\/product"}],"about":[{"href":"https:\/\/galeriaazur.art\/esp\/wp-json\/wp\/v2\/types\/product"}],"author":[{"embeddable":true,"href":"https:\/\/galeriaazur.art\/esp\/wp-json\/wp\/v2\/users\/3023"}],"wp:featuredmedia":[{"embeddable":true,"href":"https:\/\/galeriaazur.art\/esp\/wp-json\/wp\/v2\/media\/381463"}],"wp:attachment":[{"href":"https:\/\/galeriaazur.art\/esp\/wp-json\/wp\/v2\/media?parent=381462"}],"wp:term":[{"taxonomy":"product_cat","embeddable":true,"href":"https:\/\/galeriaazur.art\/esp\/wp-json\/wp\/v2\/product_cat?post=381462"},{"taxonomy":"product_tag","embeddable":true,"href":"https:\/\/galeriaazur.art\/esp\/wp-json\/wp\/v2\/product_tag?post=381462"}],"curies":[{"name":"wp","href":"https:\/\/api.w.org\/{rel}","templated":true}]}}