{"id":380905,"date":"2025-09-09T15:58:10","date_gmt":"2025-09-09T18:58:10","guid":{"rendered":"https:\/\/galeriaazur.art\/?post_type=product&#038;p=380905"},"modified":"2025-09-09T15:58:10","modified_gmt":"2025-09-09T18:58:10","slug":"ny1","status":"publish","type":"product","link":"https:\/\/galeriaazur.art\/esp\/artwork\/ny1\/","title":{"rendered":"MIRADAS EN LA CIUDAD, NY1"},"content":{"rendered":"<p>Ver\u00f3nica Schiavina.<br \/>\nT\u00e9cnica: Fotograf\u00eda intervenida con papeles, impresa en papel hahnem\u00fchle. Edic. 1\/1<br \/>\n67 x 86 cm<br \/>\nU$S 700<\/p>","protected":false},"excerpt":{"rendered":"<p>Ver\u00f3nica Schiavina.<br \/>\nT\u00e9cnica: Fotograf\u00eda intervenida con papeles, impresa en papel hahnem\u00fchle. Edic. 1\/1<br \/>\n67 x 86 cm<br \/>\nU$S 700<\/p>","protected":false},"author":442,"featured_media":380906,"template":"","meta":{"_et_pb_use_builder":"o","_et_pb_old_content":"","_et_gb_content_width":""},"product_cat":[383,386,441],"product_tag":[],"acf":[],"_links":{"self":[{"href":"https:\/\/galeriaazur.art\/esp\/wp-json\/wp\/v2\/product\/380905"}],"collection":[{"href":"https:\/\/galeriaazur.art\/esp\/wp-json\/wp\/v2\/product"}],"about":[{"href":"https:\/\/galeriaazur.art\/esp\/wp-json\/wp\/v2\/types\/product"}],"author":[{"embeddable":true,"href":"https:\/\/galeriaazur.art\/esp\/wp-json\/wp\/v2\/users\/442"}],"wp:featuredmedia":[{"embeddable":true,"href":"https:\/\/galeriaazur.art\/esp\/wp-json\/wp\/v2\/media\/380906"}],"wp:attachment":[{"href":"https:\/\/galeriaazur.art\/esp\/wp-json\/wp\/v2\/media?parent=380905"}],"wp:term":[{"taxonomy":"product_cat","embeddable":true,"href":"https:\/\/galeriaazur.art\/esp\/wp-json\/wp\/v2\/product_cat?post=380905"},{"taxonomy":"product_tag","embeddable":true,"href":"https:\/\/galeriaazur.art\/esp\/wp-json\/wp\/v2\/product_tag?post=380905"}],"curies":[{"name":"wp","href":"https:\/\/api.w.org\/{rel}","templated":true}]}}