{"id":380834,"date":"2025-09-09T14:28:30","date_gmt":"2025-09-09T17:28:30","guid":{"rendered":"https:\/\/galeriaazur.art\/?post_type=product&#038;p=380834"},"modified":"2025-09-09T14:30:54","modified_gmt":"2025-09-09T17:30:54","slug":"corazon-sansebastian","status":"publish","type":"product","link":"https:\/\/galeriaazur.art\/esp\/artwork\/corazon-sansebastian\/","title":{"rendered":"CORAZ\u00d3N DE SAN SEBASTI\u00c1N (2022)"},"content":{"rendered":"<p>Ramiro Collinet.<br \/>\nT\u00e9cnica: Pasta cer\u00e1mica pigmentada con \u00d3xidos y esmaltes. T\u00e9cnica de Rak\u00fa.<\/p>\n<p class=\"p1\">22 x 30 cm<br \/>\nU$S 2.300<\/p>","protected":false},"excerpt":{"rendered":"<p>Ramiro Collinet.<br \/>\nT\u00e9cnica: Pasta cer\u00e1mica pigmentada con \u00d3xidos y esmaltes. T\u00e9cnica de Rak\u00fa.<br \/>\n22 x 30 cm<br \/>\nU$S 2.300<\/p>","protected":false},"author":442,"featured_media":380830,"template":"","meta":{"_et_pb_use_builder":"o","_et_pb_old_content":"","_et_gb_content_width":""},"product_cat":[383,386,441],"product_tag":[],"acf":[],"_links":{"self":[{"href":"https:\/\/galeriaazur.art\/esp\/wp-json\/wp\/v2\/product\/380834"}],"collection":[{"href":"https:\/\/galeriaazur.art\/esp\/wp-json\/wp\/v2\/product"}],"about":[{"href":"https:\/\/galeriaazur.art\/esp\/wp-json\/wp\/v2\/types\/product"}],"author":[{"embeddable":true,"href":"https:\/\/galeriaazur.art\/esp\/wp-json\/wp\/v2\/users\/442"}],"wp:featuredmedia":[{"embeddable":true,"href":"https:\/\/galeriaazur.art\/esp\/wp-json\/wp\/v2\/media\/380830"}],"wp:attachment":[{"href":"https:\/\/galeriaazur.art\/esp\/wp-json\/wp\/v2\/media?parent=380834"}],"wp:term":[{"taxonomy":"product_cat","embeddable":true,"href":"https:\/\/galeriaazur.art\/esp\/wp-json\/wp\/v2\/product_cat?post=380834"},{"taxonomy":"product_tag","embeddable":true,"href":"https:\/\/galeriaazur.art\/esp\/wp-json\/wp\/v2\/product_tag?post=380834"}],"curies":[{"name":"wp","href":"https:\/\/api.w.org\/{rel}","templated":true}]}}