{"id":380828,"date":"2025-09-09T14:22:52","date_gmt":"2025-09-09T17:22:52","guid":{"rendered":"https:\/\/galeriaazur.art\/?post_type=product&#038;p=380828"},"modified":"2025-09-09T14:24:05","modified_gmt":"2025-09-09T17:24:05","slug":"montevideo-florecido","status":"publish","type":"product","link":"https:\/\/galeriaazur.art\/esp\/artwork\/montevideo-florecido\/","title":{"rendered":"MONTEVIDEO FLORECIDO"},"content":{"rendered":"<p>Ramiro Collinet<br \/>\n45 piezas moldeadas a mano en pasta cer\u00e1mica, decorada con \u00f3xidos, pigmentos y esmaltes con t\u00e9cnica de Rak\u00fa.<br \/>\n180 x 120 cm<\/p>","protected":false},"excerpt":{"rendered":"<p>Ramiro Collinet<br \/>\n45 piezas moldeadas a mano en pasta cer\u00e1mica, decorada con \u00f3xidos, pigmentos y esmaltes con t\u00e9cnica de Rak\u00fa.<br \/>\n180 x 120 cm<\/p>","protected":false},"author":442,"featured_media":380831,"template":"","meta":{"_et_pb_use_builder":"o","_et_pb_old_content":"","_et_gb_content_width":""},"product_cat":[383,386,441],"product_tag":[],"acf":[],"_links":{"self":[{"href":"https:\/\/galeriaazur.art\/esp\/wp-json\/wp\/v2\/product\/380828"}],"collection":[{"href":"https:\/\/galeriaazur.art\/esp\/wp-json\/wp\/v2\/product"}],"about":[{"href":"https:\/\/galeriaazur.art\/esp\/wp-json\/wp\/v2\/types\/product"}],"author":[{"embeddable":true,"href":"https:\/\/galeriaazur.art\/esp\/wp-json\/wp\/v2\/users\/442"}],"wp:featuredmedia":[{"embeddable":true,"href":"https:\/\/galeriaazur.art\/esp\/wp-json\/wp\/v2\/media\/380831"}],"wp:attachment":[{"href":"https:\/\/galeriaazur.art\/esp\/wp-json\/wp\/v2\/media?parent=380828"}],"wp:term":[{"taxonomy":"product_cat","embeddable":true,"href":"https:\/\/galeriaazur.art\/esp\/wp-json\/wp\/v2\/product_cat?post=380828"},{"taxonomy":"product_tag","embeddable":true,"href":"https:\/\/galeriaazur.art\/esp\/wp-json\/wp\/v2\/product_tag?post=380828"}],"curies":[{"name":"wp","href":"https:\/\/api.w.org\/{rel}","templated":true}]}}