{"id":379989,"date":"2025-08-22T09:23:01","date_gmt":"2025-08-22T12:23:01","guid":{"rendered":"https:\/\/galeriaazur.art\/?post_type=product&#038;p=379989"},"modified":"2025-08-25T08:57:17","modified_gmt":"2025-08-25T11:57:17","slug":"im-herz-der-blute-schlaft-zeit-time-sleeps-in-the-heart-of-the-blossom","status":"publish","type":"product","link":"https:\/\/galeriaazur.art\/esp\/artwork\/im-herz-der-blute-schlaft-zeit-time-sleeps-in-the-heart-of-the-blossom\/","title":{"rendered":"Im Herz der Bl\u00fcte schl\u00e4ft Zeit \u2013 Time Sleeps in the Heart of the Blossom"},"content":{"rendered":"<p>Die Bl\u00e4tter erscheinen fast plastisch, mit sp\u00fcrbarer Tiefe und einer Ruhe, die an das stille Wachstum der Natur erinnert. Durch den Wechsel von sanften Farb\u00fcberg\u00e4ngen und markanten Linien entsteht ein Spannungsfeld zwischen Leichtigkeit und Erdung.  The leaves appear almost tangible, with a sense of depth and a quiet calm that recalls the silent growth of nature. Gentle color transitions contrast with defined lines, creating a balance between lightness and grounding.<\/p>","protected":false},"excerpt":{"rendered":"<a href=\"https:\/\/galeriaazur.art\/esp\/artist\/nia-steck\/\">Nia Steck<\/a>","protected":false},"author":3000,"featured_media":379991,"template":"","meta":{"_et_pb_use_builder":"o","_et_pb_old_content":"","_et_gb_content_width":""},"product_cat":[24,411],"product_tag":[],"acf":[],"_links":{"self":[{"href":"https:\/\/galeriaazur.art\/esp\/wp-json\/wp\/v2\/product\/379989"}],"collection":[{"href":"https:\/\/galeriaazur.art\/esp\/wp-json\/wp\/v2\/product"}],"about":[{"href":"https:\/\/galeriaazur.art\/esp\/wp-json\/wp\/v2\/types\/product"}],"author":[{"embeddable":true,"href":"https:\/\/galeriaazur.art\/esp\/wp-json\/wp\/v2\/users\/3000"}],"wp:featuredmedia":[{"embeddable":true,"href":"https:\/\/galeriaazur.art\/esp\/wp-json\/wp\/v2\/media\/379991"}],"wp:attachment":[{"href":"https:\/\/galeriaazur.art\/esp\/wp-json\/wp\/v2\/media?parent=379989"}],"wp:term":[{"taxonomy":"product_cat","embeddable":true,"href":"https:\/\/galeriaazur.art\/esp\/wp-json\/wp\/v2\/product_cat?post=379989"},{"taxonomy":"product_tag","embeddable":true,"href":"https:\/\/galeriaazur.art\/esp\/wp-json\/wp\/v2\/product_tag?post=379989"}],"curies":[{"name":"wp","href":"https:\/\/api.w.org\/{rel}","templated":true}]}}