{"id":379799,"date":"2025-08-18T10:30:34","date_gmt":"2025-08-18T13:30:34","guid":{"rendered":"https:\/\/galeriaazur.art\/?post_type=product&#038;p=379799"},"modified":"2025-08-25T08:57:19","modified_gmt":"2025-08-25T11:57:19","slug":"zwischen-stein-und-wasser-between-stone-and-wate","status":"publish","type":"product","link":"https:\/\/galeriaazur.art\/esp\/artwork\/zwischen-stein-und-wasser-between-stone-and-wate\/","title":{"rendered":"Zwischen Stein und Wasser \u2013 Between Stone and Wate"},"content":{"rendered":"<p>Das Werk zeigt eine dichte Komposition aus gr\u00fcnen Bl\u00e4ttern, die mit Pastell, Acryl und Kohle geschaffen wurden. Die verschiedenen Materialien verbinden sich zu einem vielschichtigen Bild, in dem feine Details und klare Strukturen sichtbar werden.<\/p>\n<p>Die Bl\u00e4tter erscheinen fast plastisch, mit sp\u00fcrbarer Tiefe und einer Ruhe, die an das stille Wachstum der Natur erinnert. Durch den Wechsel von sanften Farb\u00fcberg\u00e4ngen und markanten Linien entsteht ein Spannungsfeld zwischen Leichtigkeit und Erdung.<\/p>\n<p>Das Bild ist weniger eine naturgetreue Darstellung, sondern vielmehr eine Ann\u00e4herung an die Essenz der Pflanzenwelt \u2013 konzentriert auf Form, Rhythmus und das stille Spiel des Lichts im Gr\u00fcn.<\/p>\n<p>English<br \/>\nThe artwork presents a dense composition of green leaves, created with pastel, acrylic, and charcoal. These materials merge into a layered image where fine details and clear structures unfold.<\/p>\n<p>The leaves appear almost tangible, with a sense of depth and a quiet calm that recalls the silent growth of nature. Gentle color transitions contrast with defined lines, creating a balance between lightness and grounding.<\/p>\n<p>Rather than a realistic depiction, the piece is a reflection of the essence of plant life \u2013 focusing on form, rhythm, and the subtle play of light within green.<\/p>","protected":false},"excerpt":{"rendered":"<a href=\"https:\/\/galeriaazur.art\/esp\/artist\/nia-steck\/\">Nia Steck<\/a>","protected":false},"author":3000,"featured_media":379800,"template":"","meta":{"_et_pb_use_builder":"o","_et_pb_old_content":"","_et_gb_content_width":""},"product_cat":[24,411],"product_tag":[],"acf":[],"_links":{"self":[{"href":"https:\/\/galeriaazur.art\/esp\/wp-json\/wp\/v2\/product\/379799"}],"collection":[{"href":"https:\/\/galeriaazur.art\/esp\/wp-json\/wp\/v2\/product"}],"about":[{"href":"https:\/\/galeriaazur.art\/esp\/wp-json\/wp\/v2\/types\/product"}],"author":[{"embeddable":true,"href":"https:\/\/galeriaazur.art\/esp\/wp-json\/wp\/v2\/users\/3000"}],"wp:featuredmedia":[{"embeddable":true,"href":"https:\/\/galeriaazur.art\/esp\/wp-json\/wp\/v2\/media\/379800"}],"wp:attachment":[{"href":"https:\/\/galeriaazur.art\/esp\/wp-json\/wp\/v2\/media?parent=379799"}],"wp:term":[{"taxonomy":"product_cat","embeddable":true,"href":"https:\/\/galeriaazur.art\/esp\/wp-json\/wp\/v2\/product_cat?post=379799"},{"taxonomy":"product_tag","embeddable":true,"href":"https:\/\/galeriaazur.art\/esp\/wp-json\/wp\/v2\/product_tag?post=379799"}],"curies":[{"name":"wp","href":"https:\/\/api.w.org\/{rel}","templated":true}]}}