{"id":379111,"date":"2025-08-07T14:06:37","date_gmt":"2025-08-07T17:06:37","guid":{"rendered":"https:\/\/galeriaazur.art\/?post_type=product&#038;p=379111"},"modified":"2025-08-11T09:31:58","modified_gmt":"2025-08-11T12:31:58","slug":"templanza-ii-diptico-1-2","status":"publish","type":"product","link":"https:\/\/galeriaazur.art\/esp\/artwork\/templanza-ii-diptico-1-2\/","title":{"rendered":"TEMPLANZA II d\u00edptico (1\/2)"},"content":{"rendered":"<p>El d\u00edptico se erige como una exploraci\u00f3n visual de la virtud de la Templanza, trascendiendo la mera representaci\u00f3n para invocar un estado de equilibrio y armon\u00eda. La t\u00e9cnica mixta empleada, resulta fundamental para esta evocaci\u00f3n. Partiendo de un dibujo inicial sobre acr\u00edlico transparente, la obra se acent\u00faa con la sutil incorporaci\u00f3n de efectos de humo. Estos se integran con capas de enc\u00e1ustica, mezcladas con tinta china y pintura acr\u00edlica, logrando una atm\u00f3sfera et\u00e9rea y un palpable sentido de tranquilidad. La combinaci\u00f3n de estos elementos, desde la transparencia del acr\u00edlico hasta la opacidad de la enc\u00e1ustica, se traduce en una experiencia sensorial que invita a la contemplaci\u00f3n y a la reflexi\u00f3n sobre la serenidad que reside en el dominio de uno mismo. La obra no solo representa la Templanza, sino que la transmite a trav\u00e9s de la delicadeza de su ejecuci\u00f3n y la armon\u00eda de su composici\u00f3n.<\/p>","protected":false},"excerpt":{"rendered":"<a href=\"https:\/\/galeriaazur.art\/esp\/artist\/veronica-viedma-paoli\/\">Veronica Viedma Paoli<\/a>","protected":false},"author":2954,"featured_media":379112,"template":"","meta":{"_et_pb_use_builder":"o","_et_pb_old_content":"","_et_gb_content_width":""},"product_cat":[432,180],"product_tag":[],"acf":[],"_links":{"self":[{"href":"https:\/\/galeriaazur.art\/esp\/wp-json\/wp\/v2\/product\/379111"}],"collection":[{"href":"https:\/\/galeriaazur.art\/esp\/wp-json\/wp\/v2\/product"}],"about":[{"href":"https:\/\/galeriaazur.art\/esp\/wp-json\/wp\/v2\/types\/product"}],"author":[{"embeddable":true,"href":"https:\/\/galeriaazur.art\/esp\/wp-json\/wp\/v2\/users\/2954"}],"wp:featuredmedia":[{"embeddable":true,"href":"https:\/\/galeriaazur.art\/esp\/wp-json\/wp\/v2\/media\/379112"}],"wp:attachment":[{"href":"https:\/\/galeriaazur.art\/esp\/wp-json\/wp\/v2\/media?parent=379111"}],"wp:term":[{"taxonomy":"product_cat","embeddable":true,"href":"https:\/\/galeriaazur.art\/esp\/wp-json\/wp\/v2\/product_cat?post=379111"},{"taxonomy":"product_tag","embeddable":true,"href":"https:\/\/galeriaazur.art\/esp\/wp-json\/wp\/v2\/product_tag?post=379111"}],"curies":[{"name":"wp","href":"https:\/\/api.w.org\/{rel}","templated":true}]}}