{"id":379106,"date":"2025-08-07T12:41:01","date_gmt":"2025-08-07T15:41:01","guid":{"rendered":"https:\/\/galeriaazur.art\/?post_type=product&#038;p=379106"},"modified":"2025-08-11T09:32:03","modified_gmt":"2025-08-11T12:32:03","slug":"templanza-i-diptico-1-2","status":"publish","type":"product","link":"https:\/\/galeriaazur.art\/esp\/artwork\/templanza-i-diptico-1-2\/","title":{"rendered":"TEMPLANZA I  &#8211; d\u00edptico (1\/2)"},"content":{"rendered":"<p>Esta obra pertenece a un d\u00edptico que representa a la templanza, que nace a partir de una abstracci\u00f3n desde la imagen de elementos org\u00e1nicos. Las capas transparentes, la t\u00e9cnica mixta de la enc\u00e1ustica con la tinta china y el acr\u00edlico conjugan una simbiosis perfecta que nos adentra al significado de aquella virtud cardinal que nos introduce a la capacidad que tenemos de mantenernos en calma y equilibrio.<\/p>","protected":false},"excerpt":{"rendered":"<a href=\"https:\/\/galeriaazur.art\/esp\/artist\/veronica-viedma-paoli\/\">Veronica Viedma Paoli<\/a>","protected":false},"author":2954,"featured_media":379107,"template":"","meta":{"_et_pb_use_builder":"o","_et_pb_old_content":"","_et_gb_content_width":""},"product_cat":[432,180],"product_tag":[],"acf":[],"_links":{"self":[{"href":"https:\/\/galeriaazur.art\/esp\/wp-json\/wp\/v2\/product\/379106"}],"collection":[{"href":"https:\/\/galeriaazur.art\/esp\/wp-json\/wp\/v2\/product"}],"about":[{"href":"https:\/\/galeriaazur.art\/esp\/wp-json\/wp\/v2\/types\/product"}],"author":[{"embeddable":true,"href":"https:\/\/galeriaazur.art\/esp\/wp-json\/wp\/v2\/users\/2954"}],"wp:featuredmedia":[{"embeddable":true,"href":"https:\/\/galeriaazur.art\/esp\/wp-json\/wp\/v2\/media\/379107"}],"wp:attachment":[{"href":"https:\/\/galeriaazur.art\/esp\/wp-json\/wp\/v2\/media?parent=379106"}],"wp:term":[{"taxonomy":"product_cat","embeddable":true,"href":"https:\/\/galeriaazur.art\/esp\/wp-json\/wp\/v2\/product_cat?post=379106"},{"taxonomy":"product_tag","embeddable":true,"href":"https:\/\/galeriaazur.art\/esp\/wp-json\/wp\/v2\/product_tag?post=379106"}],"curies":[{"name":"wp","href":"https:\/\/api.w.org\/{rel}","templated":true}]}}