{"id":377815,"date":"2025-07-16T10:52:43","date_gmt":"2025-07-16T13:52:43","guid":{"rendered":"https:\/\/galeriaazur.art\/?post_type=product&#038;p=377815"},"modified":"2025-07-17T10:47:38","modified_gmt":"2025-07-17T13:47:38","slug":"kozmos-60","status":"publish","type":"product","link":"https:\/\/galeriaazur.art\/esp\/artwork\/kozmos-60\/","title":{"rendered":"KOZMOS 60"},"content":{"rendered":"<p>KOZMOS 60 est en lien avec une ancienne p\u00e9riode cr\u00e9ative o\u00f9 j&#039;ai fait de nombreux paysages au pastel sec; mon int\u00e9r\u00eat pour les Paysages du Haut-Jura, o\u00f9 j&#039;habite, est toujours aussi fort mais je me suis lib\u00e9r\u00e9e du r\u00e9alisme pour jouer avec ce qui me touche le plus: les couleurs, les contrastes, la lumi\u00e8re bien s\u00fbr, les proportions et les contrastes.<\/p>","protected":false},"excerpt":{"rendered":"<a href=\"https:\/\/galeriaazur.art\/esp\/artist\/christine-richard\/\">Christine Richard<\/a>","protected":false},"author":2937,"featured_media":377817,"template":"","meta":{"_et_pb_use_builder":"o","_et_pb_old_content":"","_et_gb_content_width":""},"product_cat":[24,410],"product_tag":[],"acf":[],"_links":{"self":[{"href":"https:\/\/galeriaazur.art\/esp\/wp-json\/wp\/v2\/product\/377815"}],"collection":[{"href":"https:\/\/galeriaazur.art\/esp\/wp-json\/wp\/v2\/product"}],"about":[{"href":"https:\/\/galeriaazur.art\/esp\/wp-json\/wp\/v2\/types\/product"}],"author":[{"embeddable":true,"href":"https:\/\/galeriaazur.art\/esp\/wp-json\/wp\/v2\/users\/2937"}],"wp:featuredmedia":[{"embeddable":true,"href":"https:\/\/galeriaazur.art\/esp\/wp-json\/wp\/v2\/media\/377817"}],"wp:attachment":[{"href":"https:\/\/galeriaazur.art\/esp\/wp-json\/wp\/v2\/media?parent=377815"}],"wp:term":[{"taxonomy":"product_cat","embeddable":true,"href":"https:\/\/galeriaazur.art\/esp\/wp-json\/wp\/v2\/product_cat?post=377815"},{"taxonomy":"product_tag","embeddable":true,"href":"https:\/\/galeriaazur.art\/esp\/wp-json\/wp\/v2\/product_tag?post=377815"}],"curies":[{"name":"wp","href":"https:\/\/api.w.org\/{rel}","templated":true}]}}