{"id":377810,"date":"2025-07-15T11:25:21","date_gmt":"2025-07-15T14:25:21","guid":{"rendered":"https:\/\/galeriaazur.art\/?post_type=product&#038;p=377810"},"modified":"2025-07-17T10:47:42","modified_gmt":"2025-07-17T13:47:42","slug":"kozmos-77","status":"publish","type":"product","link":"https:\/\/galeriaazur.art\/esp\/artwork\/kozmos-77\/","title":{"rendered":"KOZMOS 77"},"content":{"rendered":"<p>I use pastel dry since 10 years ; it&#039;s really my m\u00e9dia. Tous mes tableaux s&#039;appellent KOZMOS + un nombre.<br \/>\n Kozmos 77 est sp\u00e9cial car le premier \u00e9lan, le premier geste  a \u00e9t\u00e9 de &quot;taillader&quot; le support, un carton \u00e9pais noir avec des ciseaux; ce geste est en lien avec une rage puissante tr\u00e8s ancienne et profonde. le pastel sec est venu ensuite.<br \/>\nOmbre et lumi\u00e8re mouvantes nous constituent d&#039;un bout \u00e0 l&#039;autre de nos vies<\/p>","protected":false},"excerpt":{"rendered":"<a href=\"https:\/\/galeriaazur.art\/esp\/artist\/christine-richard\/\">Christine Richard<\/a>","protected":false},"author":2937,"featured_media":377811,"template":"","meta":{"_et_pb_use_builder":"o","_et_pb_old_content":"","_et_gb_content_width":""},"product_cat":[24,410],"product_tag":[],"acf":[],"_links":{"self":[{"href":"https:\/\/galeriaazur.art\/esp\/wp-json\/wp\/v2\/product\/377810"}],"collection":[{"href":"https:\/\/galeriaazur.art\/esp\/wp-json\/wp\/v2\/product"}],"about":[{"href":"https:\/\/galeriaazur.art\/esp\/wp-json\/wp\/v2\/types\/product"}],"author":[{"embeddable":true,"href":"https:\/\/galeriaazur.art\/esp\/wp-json\/wp\/v2\/users\/2937"}],"wp:featuredmedia":[{"embeddable":true,"href":"https:\/\/galeriaazur.art\/esp\/wp-json\/wp\/v2\/media\/377811"}],"wp:attachment":[{"href":"https:\/\/galeriaazur.art\/esp\/wp-json\/wp\/v2\/media?parent=377810"}],"wp:term":[{"taxonomy":"product_cat","embeddable":true,"href":"https:\/\/galeriaazur.art\/esp\/wp-json\/wp\/v2\/product_cat?post=377810"},{"taxonomy":"product_tag","embeddable":true,"href":"https:\/\/galeriaazur.art\/esp\/wp-json\/wp\/v2\/product_tag?post=377810"}],"curies":[{"name":"wp","href":"https:\/\/api.w.org\/{rel}","templated":true}]}}