{"id":377517,"date":"2025-07-10T14:00:10","date_gmt":"2025-07-10T17:00:10","guid":{"rendered":"https:\/\/galeriaazur.art\/?post_type=product&#038;p=377517"},"modified":"2025-07-10T14:00:10","modified_gmt":"2025-07-10T17:00:10","slug":"fantasia-primera-linea","status":"publish","type":"product","link":"https:\/\/galeriaazur.art\/esp\/artwork\/fantasia-primera-linea\/","title":{"rendered":"Fantas\u00eda &#8211; Primera l\u00ednea"},"content":{"rendered":"<p>Acr\u00edlico sobre tela<br \/>\n50 x 50 cm<\/p>","protected":false},"excerpt":{"rendered":"<p>Acr\u00edlico sobre tela<br \/>\n50 x 50 cm<\/p>","protected":false},"author":442,"featured_media":377518,"template":"","meta":{"_et_pb_use_builder":"o","_et_pb_old_content":"","_et_gb_content_width":""},"product_cat":[435,22],"product_tag":[],"acf":[],"_links":{"self":[{"href":"https:\/\/galeriaazur.art\/esp\/wp-json\/wp\/v2\/product\/377517"}],"collection":[{"href":"https:\/\/galeriaazur.art\/esp\/wp-json\/wp\/v2\/product"}],"about":[{"href":"https:\/\/galeriaazur.art\/esp\/wp-json\/wp\/v2\/types\/product"}],"author":[{"embeddable":true,"href":"https:\/\/galeriaazur.art\/esp\/wp-json\/wp\/v2\/users\/442"}],"wp:featuredmedia":[{"embeddable":true,"href":"https:\/\/galeriaazur.art\/esp\/wp-json\/wp\/v2\/media\/377518"}],"wp:attachment":[{"href":"https:\/\/galeriaazur.art\/esp\/wp-json\/wp\/v2\/media?parent=377517"}],"wp:term":[{"taxonomy":"product_cat","embeddable":true,"href":"https:\/\/galeriaazur.art\/esp\/wp-json\/wp\/v2\/product_cat?post=377517"},{"taxonomy":"product_tag","embeddable":true,"href":"https:\/\/galeriaazur.art\/esp\/wp-json\/wp\/v2\/product_tag?post=377517"}],"curies":[{"name":"wp","href":"https:\/\/api.w.org\/{rel}","templated":true}]}}