{"id":376188,"date":"2025-06-23T12:49:09","date_gmt":"2025-06-23T15:49:09","guid":{"rendered":"https:\/\/galeriaazur.art\/?post_type=product&#038;p=376188"},"modified":"2025-07-15T11:16:45","modified_gmt":"2025-07-15T14:16:45","slug":"variantes-del-telon","status":"publish","type":"product","link":"https:\/\/galeriaazur.art\/esp\/artwork\/variantes-del-telon\/","title":{"rendered":"&#8220;VARIANTES DEL TEL\u00d3N&#8221;"},"content":{"rendered":"<p>Esta obra nace de un grabado en metal denominado El tel\u00f3n. Se compone de 16 piezas que deconstruyen la obra inspiradora y representa los escenarios de la vida misma. Delibera y observa aquellos roles que muchas veces nos toca encarar ante cada situaci\u00f3n, como tambi\u00e9n las variantes que debemos enfrentar ante las distintas escenas que se plantean en el transcurso de nuestra existencia.<br \/>\nRepresentar diferentes circunstancias, realidades y momentos en los que nos encontramos; reflexionar, elegir y tomar decisiones que a la vez hacen que surjan y determinen los caminos que a trav\u00e9s del tiempo erigen nuestra persona.<br \/>\nLa materialidad de mi obra fluye dentro de las transparencias, de las veladuras creadas por la t\u00e9cnica milenaria de la enc\u00e1ustica, conjuntamente con las l\u00edneas gr\u00e1ficas fundadas por las impresiones y dibujos en tinta china, buscan traducir esos momentos y concretar las ideas que me inspiran de manera gr\u00e1fica encapsulados  en el acr\u00edlico, de car\u00e1cter d\u00factil y maleable.<\/p>","protected":false},"excerpt":{"rendered":"<a href=\"https:\/\/galeriaazur.art\/esp\/artist\/veronica-viedma-paoli\/\">Veronica Viedma Paoli<\/a>","protected":false},"author":2954,"featured_media":376190,"template":"","meta":{"_et_pb_use_builder":"o","_et_pb_old_content":"","_et_gb_content_width":""},"product_cat":[432,101,180,423],"product_tag":[],"acf":[],"_links":{"self":[{"href":"https:\/\/galeriaazur.art\/esp\/wp-json\/wp\/v2\/product\/376188"}],"collection":[{"href":"https:\/\/galeriaazur.art\/esp\/wp-json\/wp\/v2\/product"}],"about":[{"href":"https:\/\/galeriaazur.art\/esp\/wp-json\/wp\/v2\/types\/product"}],"author":[{"embeddable":true,"href":"https:\/\/galeriaazur.art\/esp\/wp-json\/wp\/v2\/users\/2954"}],"wp:featuredmedia":[{"embeddable":true,"href":"https:\/\/galeriaazur.art\/esp\/wp-json\/wp\/v2\/media\/376190"}],"wp:attachment":[{"href":"https:\/\/galeriaazur.art\/esp\/wp-json\/wp\/v2\/media?parent=376188"}],"wp:term":[{"taxonomy":"product_cat","embeddable":true,"href":"https:\/\/galeriaazur.art\/esp\/wp-json\/wp\/v2\/product_cat?post=376188"},{"taxonomy":"product_tag","embeddable":true,"href":"https:\/\/galeriaazur.art\/esp\/wp-json\/wp\/v2\/product_tag?post=376188"}],"curies":[{"name":"wp","href":"https:\/\/api.w.org\/{rel}","templated":true}]}}