{"id":374938,"date":"2025-06-05T20:58:13","date_gmt":"2025-06-05T23:58:13","guid":{"rendered":"https:\/\/galeriaazur.art\/?post_type=product&#038;p=374938"},"modified":"2025-06-06T16:44:34","modified_gmt":"2025-06-06T19:44:34","slug":"untitled-25","status":"publish","type":"product","link":"https:\/\/galeriaazur.art\/esp\/artwork\/untitled-25\/","title":{"rendered":"Untitled"},"content":{"rendered":"<p>Un arte vivo, donde lo que ves capturado va m\u00e1s all\u00e1 y te invita a un viaje de 360\u00ba. No muere en la pared, pero ese expresionismo te sorprende con una nueva visi\u00f3n solo si lo miras desde otro punto de vista.<br \/>\nEl arte es movimiento, es la mirada del espectador con todas las huellas de lo que esa alma vivi\u00f3 y ese cuerpo sinti\u00f3. Es por eso que crear una sola imagen que muri\u00f3 en el lienzo y no ten\u00eda vida m\u00e1s all\u00e1 de ella me hizo querer que esa visi\u00f3n tuviera un viaje mucho m\u00e1s expansivo y eso es lo que logr\u00e9 al expresar emociones a trav\u00e9s de pl\u00e1sticos en metacrilato.<\/p>","protected":false},"excerpt":{"rendered":"<a href=\"https:\/\/galeriaazur.art\/esp\/artist\/ines-de-la-calzada\/\">Ine\u0301s de la Calzada<\/a>","protected":false},"author":2929,"featured_media":374943,"template":"","meta":{"_et_pb_use_builder":"o","_et_pb_old_content":"","_et_gb_content_width":""},"product_cat":[180,429],"product_tag":[],"acf":[],"_links":{"self":[{"href":"https:\/\/galeriaazur.art\/esp\/wp-json\/wp\/v2\/product\/374938"}],"collection":[{"href":"https:\/\/galeriaazur.art\/esp\/wp-json\/wp\/v2\/product"}],"about":[{"href":"https:\/\/galeriaazur.art\/esp\/wp-json\/wp\/v2\/types\/product"}],"author":[{"embeddable":true,"href":"https:\/\/galeriaazur.art\/esp\/wp-json\/wp\/v2\/users\/2929"}],"wp:featuredmedia":[{"embeddable":true,"href":"https:\/\/galeriaazur.art\/esp\/wp-json\/wp\/v2\/media\/374943"}],"wp:attachment":[{"href":"https:\/\/galeriaazur.art\/esp\/wp-json\/wp\/v2\/media?parent=374938"}],"wp:term":[{"taxonomy":"product_cat","embeddable":true,"href":"https:\/\/galeriaazur.art\/esp\/wp-json\/wp\/v2\/product_cat?post=374938"},{"taxonomy":"product_tag","embeddable":true,"href":"https:\/\/galeriaazur.art\/esp\/wp-json\/wp\/v2\/product_tag?post=374938"}],"curies":[{"name":"wp","href":"https:\/\/api.w.org\/{rel}","templated":true}]}}