{"id":374788,"date":"2025-06-03T15:21:59","date_gmt":"2025-06-03T18:21:59","guid":{"rendered":"https:\/\/galeriaazur.art\/?post_type=product&#038;p=374788"},"modified":"2025-06-05T14:58:37","modified_gmt":"2025-06-05T17:58:37","slug":"untitled-21","status":"publish","type":"product","link":"https:\/\/galeriaazur.art\/esp\/artwork\/untitled-21\/","title":{"rendered":"Untitled"},"content":{"rendered":"<p>No quer\u00eda que el trabajo tuviera solo un reflejo de lo que quer\u00eda expresar, sino que el espectador entendiera que el arte expresa mucho m\u00e1s de lo que ves.<br \/>\nLa transparencia y la luz de las obras a trav\u00e9s del metacrilato le da al espectador la experiencia de poder sentir y visualizar lo que el artista quiere expresar, que no muere solo en un lado. Crea un prisma y te atrapa en emociones on\u00edricas en una experiencia inmersiva de 360o.<br \/>\nEl proceso creativo es tan importante como el resultado. No titulo las pinturas porque quiero que el espectador sea libre de sentir lo que ve. Lo importante es qui\u00e9n est\u00e1 mirando y desde d\u00f3nde est\u00e1n mirando y que el espectador se inspire en todos los rastros del amor y el alma que han experimentado.<\/p>","protected":false},"excerpt":{"rendered":"<a href=\"https:\/\/galeriaazur.art\/esp\/artist\/ines-de-la-calzada\/\">Ine\u0301s de la Calzada<\/a>","protected":false},"author":2929,"featured_media":374795,"template":"","meta":{"_et_pb_use_builder":"o","_et_pb_old_content":"","_et_gb_content_width":""},"product_cat":[180,429],"product_tag":[],"acf":[],"_links":{"self":[{"href":"https:\/\/galeriaazur.art\/esp\/wp-json\/wp\/v2\/product\/374788"}],"collection":[{"href":"https:\/\/galeriaazur.art\/esp\/wp-json\/wp\/v2\/product"}],"about":[{"href":"https:\/\/galeriaazur.art\/esp\/wp-json\/wp\/v2\/types\/product"}],"author":[{"embeddable":true,"href":"https:\/\/galeriaazur.art\/esp\/wp-json\/wp\/v2\/users\/2929"}],"wp:featuredmedia":[{"embeddable":true,"href":"https:\/\/galeriaazur.art\/esp\/wp-json\/wp\/v2\/media\/374795"}],"wp:attachment":[{"href":"https:\/\/galeriaazur.art\/esp\/wp-json\/wp\/v2\/media?parent=374788"}],"wp:term":[{"taxonomy":"product_cat","embeddable":true,"href":"https:\/\/galeriaazur.art\/esp\/wp-json\/wp\/v2\/product_cat?post=374788"},{"taxonomy":"product_tag","embeddable":true,"href":"https:\/\/galeriaazur.art\/esp\/wp-json\/wp\/v2\/product_tag?post=374788"}],"curies":[{"name":"wp","href":"https:\/\/api.w.org\/{rel}","templated":true}]}}