{"id":374785,"date":"2025-06-03T15:07:23","date_gmt":"2025-06-03T18:07:23","guid":{"rendered":"https:\/\/galeriaazur.art\/?post_type=product&#038;p=374785"},"modified":"2025-06-05T14:58:39","modified_gmt":"2025-06-05T17:58:39","slug":"untitled-22","status":"publish","type":"product","link":"https:\/\/galeriaazur.art\/esp\/artwork\/untitled-22\/","title":{"rendered":"Untitled"},"content":{"rendered":"<p>La creatividad es descubrimiento, exploraci\u00f3n, amor y alma. Me di cuenta de que pintaba con amor y que las huellas eran el alma de todo. Cada rastro de la vida da forma a lo que somos&#8230; rastros de noches, rastros de momentos, de sentimientos, de sensaciones, de mis emociones, de cada beso, de cada canci\u00f3n que escuch\u00e9, de cada pupila del gusto alrededor de toda la lengua explotando en un sabor on\u00edrico, del mar, &#8230;nada pasa desapercibido en nuestra historia. Eros y la psique coexistieron en cada acto de expresi\u00f3n.<br \/>\n Cada vez que pintaba, quedaba un rastro de eso. La colecci\u00f3n representa todos nuestros actos, que desde el amor y el alma, dan forma a nuestra vida. En el centro y el n\u00facleo encontrar\u00e1s el rastro dejado por ellos. Es arte suspendido, no colgado.<\/p>","protected":false},"excerpt":{"rendered":"<a href=\"https:\/\/galeriaazur.art\/esp\/artist\/ines-de-la-calzada\/\">Ine\u0301s de la Calzada<\/a>","protected":false},"author":2929,"featured_media":374792,"template":"","meta":{"_et_pb_use_builder":"o","_et_pb_old_content":"","_et_gb_content_width":""},"product_cat":[180,429],"product_tag":[],"acf":[],"_links":{"self":[{"href":"https:\/\/galeriaazur.art\/esp\/wp-json\/wp\/v2\/product\/374785"}],"collection":[{"href":"https:\/\/galeriaazur.art\/esp\/wp-json\/wp\/v2\/product"}],"about":[{"href":"https:\/\/galeriaazur.art\/esp\/wp-json\/wp\/v2\/types\/product"}],"author":[{"embeddable":true,"href":"https:\/\/galeriaazur.art\/esp\/wp-json\/wp\/v2\/users\/2929"}],"wp:featuredmedia":[{"embeddable":true,"href":"https:\/\/galeriaazur.art\/esp\/wp-json\/wp\/v2\/media\/374792"}],"wp:attachment":[{"href":"https:\/\/galeriaazur.art\/esp\/wp-json\/wp\/v2\/media?parent=374785"}],"wp:term":[{"taxonomy":"product_cat","embeddable":true,"href":"https:\/\/galeriaazur.art\/esp\/wp-json\/wp\/v2\/product_cat?post=374785"},{"taxonomy":"product_tag","embeddable":true,"href":"https:\/\/galeriaazur.art\/esp\/wp-json\/wp\/v2\/product_tag?post=374785"}],"curies":[{"name":"wp","href":"https:\/\/api.w.org\/{rel}","templated":true}]}}