{"id":374770,"date":"2025-06-03T13:55:31","date_gmt":"2025-06-03T16:55:31","guid":{"rendered":"https:\/\/galeriaazur.art\/?post_type=product&#038;p=374770"},"modified":"2025-06-05T14:58:45","modified_gmt":"2025-06-05T17:58:45","slug":"sin-titulo-3","status":"publish","type":"product","link":"https:\/\/galeriaazur.art\/esp\/artwork\/sin-titulo-3\/","title":{"rendered":"Sin t\u00edtulo"},"content":{"rendered":"<p>Todas nuestras acciones siempre dejan huellas. Me di cuenta de que tambi\u00e9n hab\u00eda rastros en mis pinturas, as\u00ed que \u00bfpor qu\u00e9 no usarlos? Comenc\u00e9 a superponer en metacrilato todas las huellas dejadas por mi pintura en los pl\u00e1sticos que us\u00e9 para proteger el estudio, as\u00ed como los pl\u00e1sticos que recojo de diferentes empresas comprometidas con el medio ambiente, reciclando as\u00ed todos los usados. El arte y la sostenibilidad son mi forma de vida y trabajo y creo mis obras para promocionarlas. La transparencia y la luz de las obras a trav\u00e9s del metacrilato le da al espectador la experiencia de poder sentir y visualizar a trav\u00e9s de sus emociones, un viaje que no muere en un lado de una obra de arte, ni en la pared, sino que crea un prisma y te atrapa en emociones on\u00edricas en una experiencia inmersiva de 360\u00ba. <br \/>\nEs arte vivo suspendido, no colgado. <br \/>\n\u00bfPor qu\u00e9 no te mueves alrededor de la pintura? \u00bfSientes lo mismo ahora?<\/p>","protected":false},"excerpt":{"rendered":"<a href=\"https:\/\/galeriaazur.art\/esp\/artist\/ines-de-la-calzada\/\">Ine\u0301s de la Calzada<\/a>","protected":false},"author":2929,"featured_media":374774,"template":"","meta":{"_et_pb_use_builder":"o","_et_pb_old_content":"","_et_gb_content_width":""},"product_cat":[180,429],"product_tag":[],"acf":[],"_links":{"self":[{"href":"https:\/\/galeriaazur.art\/esp\/wp-json\/wp\/v2\/product\/374770"}],"collection":[{"href":"https:\/\/galeriaazur.art\/esp\/wp-json\/wp\/v2\/product"}],"about":[{"href":"https:\/\/galeriaazur.art\/esp\/wp-json\/wp\/v2\/types\/product"}],"author":[{"embeddable":true,"href":"https:\/\/galeriaazur.art\/esp\/wp-json\/wp\/v2\/users\/2929"}],"wp:featuredmedia":[{"embeddable":true,"href":"https:\/\/galeriaazur.art\/esp\/wp-json\/wp\/v2\/media\/374774"}],"wp:attachment":[{"href":"https:\/\/galeriaazur.art\/esp\/wp-json\/wp\/v2\/media?parent=374770"}],"wp:term":[{"taxonomy":"product_cat","embeddable":true,"href":"https:\/\/galeriaazur.art\/esp\/wp-json\/wp\/v2\/product_cat?post=374770"},{"taxonomy":"product_tag","embeddable":true,"href":"https:\/\/galeriaazur.art\/esp\/wp-json\/wp\/v2\/product_tag?post=374770"}],"curies":[{"name":"wp","href":"https:\/\/api.w.org\/{rel}","templated":true}]}}