{"id":374340,"date":"2025-05-29T14:49:01","date_gmt":"2025-05-29T17:49:01","guid":{"rendered":"https:\/\/galeriaazur.art\/?post_type=product&#038;p=374340"},"modified":"2025-05-29T14:49:01","modified_gmt":"2025-05-29T17:49:01","slug":"hanami","status":"publish","type":"product","link":"https:\/\/galeriaazur.art\/esp\/artwork\/hanami\/","title":{"rendered":"Hanami"},"content":{"rendered":"<p><span style=\"font-weight: 400;\">\u201cHanami\u201d es una palabra japonesa que significa observar las flores; hana (flor) miru (mirar, observar).\u00a0\u00a0<\/span><\/p>\n<p><span style=\"font-weight: 400;\">Hoy, como desde hace much\u00edsimo tiempo, todo Jap\u00f3n disfruta de las fiestas de los hanamis; que consiste en sentarse bajo los \u00e1rboles del sakura o cerezos florecidos, a conversar, beber y comer, mientras caen los copos rosa p\u00e1lidos de las flores.\u00a0\u00a0<\/span><\/p>\n<p><span style=\"font-weight: 400;\">Esta celebraci\u00f3n encierra para los orientales una reflexi\u00f3n m\u00e1s profunda y po\u00e9tica; la belleza ef\u00edmera que se escapa, que cae, como los p\u00e9talos en el aire y que debemos celebrar cada d\u00eda de nuestra vida con alegr\u00eda y agradecimiento.\u00a0<\/span><\/p>\n<p><span style=\"font-weight: 400;\">Mi serie de fotograf\u00edas de los jacarand\u00e1 y de las tipas fue realizada durante estas ceremonias realizadas en Buenos Aires.\u00a0 La motivaci\u00f3n fue registrar nuestra flora nativa e incorporarle esta reflexi\u00f3n japonesa, retratando la \u201cbelleza ef\u00edmera\u201d de la lluvia de p\u00e9talos de estos magn\u00edficos arboles, en una tiempo tan complicado para la contemplaci\u00f3n de la naturaleza, especialmente en la gran ciudad.\u00a0<\/span><\/p>\n<p><span style=\"font-weight: 400;\">Marcel Antelo\u00a0<\/span><\/p>\n<p><span style=\"font-weight: 400;\">Diciembre 2012 <\/span><\/p>\n<p><span style=\"font-weight: 400;\">Fecha realizaci\u00f3n: Diciembre 2012\u00a0<\/span><\/p>\n<p><span style=\"font-weight: 400;\">Formada por 32 piezas. No tienen t\u00edtulo individual, solo numero de referencia. Formato original de exhibici\u00f3n: Proyecci\u00f3n de diapositivas con sonido. Formato posterior, obra bidimensional\u00a0<\/span><\/p>\n<p><span style=\"font-weight: 400;\">Descripci\u00f3n t\u00e9cnica:\u00a0<\/span><\/p>\n<p><span style=\"font-weight: 400;\">Fotograf\u00eda. Tomas directas en soporte digital,\u00a0\u00a0<\/span><\/p>\n<p><span style=\"font-weight: 400;\">Copias Glicee con tinta Epson Ultra Chrome HDR. Papel Fotogr\u00e1fco Glossy.\u00a0 Medidas: 70 x 100 cm. (Admite medidas mayores)\u00a0<\/span><\/p>\n<p><span style=\"font-weight: 400;\">Enmarcado con varilla invertida de madera, sin vidrio\u00a0<\/span><\/p>\n<p><span style=\"font-weight: 400;\">Edici\u00f3n:\u00a0<\/span><\/p>\n<p><span style=\"font-weight: 400;\">5 copias + copia de autor <\/span><\/p>","protected":false},"excerpt":{"rendered":"<p>\u201cHanami\u201d es una palabra japonesa que significa observar las flores; hana (flor) miru (mirar, observar).\u00a0\u00a0 Hoy, como desde hace much\u00edsimo tiempo, todo Jap\u00f3n disfruta de las fiestas de los hanamis; que consiste en sentarse bajo los \u00e1rboles del sakura o cerezos florecidos, a conversar, beber y comer, mientras caen los copos rosa p\u00e1lidos de las [&hellip;]<\/p>","protected":false},"author":2927,"featured_media":374341,"template":"","meta":{"_et_pb_use_builder":"o","_et_pb_old_content":"","_et_gb_content_width":""},"product_cat":[24],"product_tag":[],"acf":[],"_links":{"self":[{"href":"https:\/\/galeriaazur.art\/esp\/wp-json\/wp\/v2\/product\/374340"}],"collection":[{"href":"https:\/\/galeriaazur.art\/esp\/wp-json\/wp\/v2\/product"}],"about":[{"href":"https:\/\/galeriaazur.art\/esp\/wp-json\/wp\/v2\/types\/product"}],"author":[{"embeddable":true,"href":"https:\/\/galeriaazur.art\/esp\/wp-json\/wp\/v2\/users\/2927"}],"wp:featuredmedia":[{"embeddable":true,"href":"https:\/\/galeriaazur.art\/esp\/wp-json\/wp\/v2\/media\/374341"}],"wp:attachment":[{"href":"https:\/\/galeriaazur.art\/esp\/wp-json\/wp\/v2\/media?parent=374340"}],"wp:term":[{"taxonomy":"product_cat","embeddable":true,"href":"https:\/\/galeriaazur.art\/esp\/wp-json\/wp\/v2\/product_cat?post=374340"},{"taxonomy":"product_tag","embeddable":true,"href":"https:\/\/galeriaazur.art\/esp\/wp-json\/wp\/v2\/product_tag?post=374340"}],"curies":[{"name":"wp","href":"https:\/\/api.w.org\/{rel}","templated":true}]}}